{"id":2599,"date":"2025-03-28T12:35:34","date_gmt":"2025-03-28T11:35:34","guid":{"rendered":"https:\/\/queensibiza.com\/?page_id=2599"},"modified":"2025-03-28T12:46:39","modified_gmt":"2025-03-28T11:46:39","slug":"politica-de-cookie","status":"publish","type":"page","link":"https:\/\/queensibiza.com\/de\/cookie-richtlinie\/","title":{"rendered":"Cookie-Richtlinie"},"content":{"rendered":"<p>Datum des Inkrafttretens: Juni 2024<\/p>\r\n\r\n\r\n\r\n<h3 class=\"wp-block-heading\">1. was sind Cookies?<\/h3>\r\n\r\n\r\n\r\n<p>Cookies sind kleine Textdateien, die auf Ihrem Ger\u00e4t gespeichert werden, wenn Sie eine Website besuchen. Diese Cookies erm\u00f6glichen es der Website, sich Ihre Aktionen und Pr\u00e4ferenzen (wie Anmeldung, Sprache, Schriftgr\u00f6\u00dfe und andere Anzeigeeinstellungen) \u00fcber einen bestimmten Zeitraum zu merken, so dass Sie sie nicht jedes Mal neu einstellen m\u00fcssen, wenn Sie auf die Website zur\u00fcckkehren oder von Seite zu Seite wechseln.<\/p>\r\n\r\n\r\n\r\n<h3 class=\"wp-block-heading\">2) Arten von Cookies, die wir verwenden<\/h3>\r\n\r\n\r\n\r\n<p>Auf queensibiza.com verwenden wir Cookies f\u00fcr verschiedene Zwecke, die wie folgt klassifiziert werden k\u00f6nnen:<\/p>\r\n\r\n\r\n\r\n<ul>\r\n<li><strong>Unverzichtbare Cookies<\/strong>Cookies: Diese sind f\u00fcr den Betrieb der Website erforderlich und erm\u00f6glichen grundlegende Funktionen wie die Seitennavigation und den Zugang zu gesch\u00fctzten Bereichen der Website. Ohne diese Cookies kann die Website nicht richtig funktionieren.<\/li>\r\n\r\n\r\n\r\n<li><strong>Leistung Cookies<\/strong>Diese Cookies sammeln Informationen dar\u00fcber, wie Besucher unsere Website nutzen, z. B. welche Seiten sie am h\u00e4ufigsten besuchen und ob sie Fehlermeldungen erhalten. Diese Cookies sammeln keine Informationen, die einen Besucher identifizieren. Alle von diesen Cookies gesammelten Informationen sind anonym und werden nur zur Verbesserung der Funktionsweise der Website verwendet.<\/li>\r\n\r\n\r\n\r\n<li><strong>Funktionalit\u00e4t Cookies<\/strong>Cookies: Sie erm\u00f6glichen es der Website, sich an die von Ihnen getroffenen Entscheidungen zu erinnern (z. B. an Ihren Benutzernamen, Ihre Sprache oder die Region, in der Sie sich befinden) und bieten erweiterte, pers\u00f6nlichere Funktionen. Diese Cookies k\u00f6nnen von uns oder von Dritten gesetzt werden, deren Dienste wir auf unseren Seiten eingebunden haben.<\/li>\r\n\r\n\r\n\r\n<li><strong>Werbung und Marketing Cookies<\/strong>Diese Cookies werden verwendet, um Werbung zu liefern, die f\u00fcr Sie und Ihre Interessen relevanter ist. Sie werden auch verwendet, um die Anzahl der Anzeigen zu begrenzen, die Sie sehen, und um die Wirksamkeit von Werbekampagnen zu messen. Sie werden in der Regel von Werbenetzwerken mit der Erlaubnis des Website-Betreibers gesetzt.<\/li>\r\n<\/ul>\r\n\r\n\r\n\r\n<h3 class=\"wp-block-heading\">3. Cookies von Dritten<\/h3>\r\n\r\n\r\n\r\n<p>Wir verwenden manchmal Cookies von Dritten, um Statistiken \u00fcber die Nutzung der Website zu erstellen und um Werbe- und Marketingdienste anzubieten. Diese Cookies werden von Dritten verwaltet und wir haben keine direkte Kontrolle \u00fcber sie.<\/p>\r\n\r\n\r\n\r\n<h3 class=\"wp-block-heading\">4. Wie man Cookies kontrolliert und l\u00f6scht<\/h3>\r\n\r\n\r\n\r\n<p>Sie haben die M\u00f6glichkeit, Cookies zu akzeptieren oder abzulehnen. Die meisten Webbrowser akzeptieren Cookies automatisch, aber Sie k\u00f6nnen die Einstellungen Ihres Browsers in der Regel so \u00e4ndern, dass Sie Cookies ablehnen, wenn Sie dies w\u00fcnschen. Bitte beachten Sie, dass Sie m\u00f6glicherweise nicht alle Funktionen der Website nutzen k\u00f6nnen, wenn Sie Cookies ablehnen.<\/p>\r\n\r\n\r\n\r\n<p>Um Cookies zu verwalten, k\u00f6nnen Sie den Anweisungen Ihres Browsers folgen:<\/p>\r\n\r\n\r\n\r\n<ul>\r\n<li><strong>Google Chrome<\/strong>: <a>Cookie-Einstellungen in Chrome<\/a><\/li>\r\n\r\n\r\n\r\n<li><strong>Mozilla Firefox<\/strong>: <a href=\"https:\/\/support.mozilla.org\/es\/kb\/habilitar-y-deshabilitar-cookies-sitios-web-rastrear-preferencias\" target=\"_blank\" rel=\"noopener\">Firefox Cookie-Einstellungen<\/a><\/li>\r\n\r\n\r\n\r\n<li><strong>Microsoft Edge<\/strong>: <a href=\"https:\/\/support.microsoft.com\/es-es\/help\/4027947\/microsoft-edge-delete-cookies\" target=\"_blank\" rel=\"noopener\">Cookie-Einstellungen in Edge<\/a><\/li>\r\n\r\n\r\n\r\n<li><strong>Safari<\/strong>: <a href=\"https:\/\/support.apple.com\/es-es\/guide\/safari\/sfri11471\/mac\" target=\"_blank\" rel=\"noopener\">Cookies in Safari setzen<\/a><\/li>\r\n<\/ul>\r\n\r\n\r\n\r\n<h3 class=\"wp-block-heading\">5. \u00c4nderungen der Cookie-Richtlinie<\/h3>\r\n\r\n\r\n\r\n<p>Wir k\u00f6nnen unsere Cookie-Richtlinie von Zeit zu Zeit aktualisieren. Wir werden Sie \u00fcber alle \u00c4nderungen informieren, indem wir die neue Cookie-Richtlinie auf dieser Seite ver\u00f6ffentlichen. Wir empfehlen Ihnen, diese Richtlinie regelm\u00e4\u00dfig zu \u00fcberpr\u00fcfen, um sich \u00fcber etwaige \u00c4nderungen zu informieren.<\/p>\r\n\r\n\r\n\r\n<h3 class=\"wp-block-heading\">6. Kontakt<\/h3>\r\n\r\n\r\n\r\n<p>Wenn Sie Fragen oder Bedenken zu unserer Cookie-Richtlinie haben, wenden Sie sich bitte an die folgende E-Mail-Adresse: info@queensibiza.com<\/p>\r\n\r\n\r\n<hr class=\"wp-block-separator has-alpha-channel-opacity\" \/>\r\n\r\n\r\n<p>Durch die Nutzung unserer Website erkl\u00e4ren Sie sich mit der Verwendung von Cookies in \u00dcbereinstimmung mit dieser Cookie-Richtlinie einverstanden. Wenn Sie damit nicht einverstanden sind, passen Sie bitte Ihre Browsereinstellungen entsprechend an oder nutzen Sie unsere Website nicht.<\/p>\r\n\r\n\r\n\r\n<p>Vielen Dank f\u00fcr Ihren Besuch auf queensibiza.com.<\/p>","protected":false},"excerpt":{"rendered":"<p>Fecha de entrada en vigor: Junio del 2024 1. \u00bfQu\u00e9 son las cookies? Las cookies son peque\u00f1os archivos de texto [&hellip;]<\/p>","protected":false},"author":2,"featured_media":0,"parent":0,"menu_order":0,"comment_status":"closed","ping_status":"closed","template":"","meta":{"_acf_changed":false,"site-sidebar-layout":"default","site-content-layout":"","ast-site-content-layout":"default","site-content-style":"default","site-sidebar-style":"default","ast-global-header-display":"","ast-banner-title-visibility":"","ast-main-header-display":"","ast-hfb-above-header-display":"","ast-hfb-below-header-display":"","ast-hfb-mobile-header-display":"","site-post-title":"","ast-breadcrumbs-content":"","ast-featured-img":"","footer-sml-layout":"","theme-transparent-header-meta":"default","adv-header-id-meta":"","stick-header-meta":"","header-above-stick-meta":"","header-main-stick-meta":"","header-below-stick-meta":"","astra-migrate-meta-layouts":"set","ast-page-background-enabled":"default","ast-page-background-meta":{"desktop":{"background-color":"var(--ast-global-color-4)","background-image":"","background-repeat":"repeat","background-position":"center center","background-size":"auto","background-attachment":"scroll","background-type":"","background-media":"","overlay-type":"","overlay-color":"","overlay-opacity":"","overlay-gradient":""},"tablet":{"background-color":"","background-image":"","background-repeat":"repeat","background-position":"center center","background-size":"auto","background-attachment":"scroll","background-type":"","background-media":"","overlay-type":"","overlay-color":"","overlay-opacity":"","overlay-gradient":""},"mobile":{"background-color":"","background-image":"","background-repeat":"repeat","background-position":"center center","background-size":"auto","background-attachment":"scroll","background-type":"","background-media":"","overlay-type":"","overlay-color":"","overlay-opacity":"","overlay-gradient":""}},"ast-content-background-meta":{"desktop":{"background-color":"var(--ast-global-color-5)","background-image":"","background-repeat":"repeat","background-position":"center center","background-size":"auto","background-attachment":"scroll","background-type":"","background-media":"","overlay-type":"","overlay-color":"","overlay-opacity":"","overlay-gradient":""},"tablet":{"background-color":"var(--ast-global-color-5)","background-image":"","background-repeat":"repeat","background-position":"center center","background-size":"auto","background-attachment":"scroll","background-type":"","background-media":"","overlay-type":"","overlay-color":"","overlay-opacity":"","overlay-gradient":""},"mobile":{"background-color":"var(--ast-global-color-5)","background-image":"","background-repeat":"repeat","background-position":"center center","background-size":"auto","background-attachment":"scroll","background-type":"","background-media":"","overlay-type":"","overlay-color":"","overlay-opacity":"","overlay-gradient":""}},"_joinchat":[],"footnotes":""},"acf":[],"_links":{"self":[{"href":"https:\/\/queensibiza.com\/de\/wp-json\/wp\/v2\/pages\/2599"}],"collection":[{"href":"https:\/\/queensibiza.com\/de\/wp-json\/wp\/v2\/pages"}],"about":[{"href":"https:\/\/queensibiza.com\/de\/wp-json\/wp\/v2\/types\/page"}],"author":[{"embeddable":true,"href":"https:\/\/queensibiza.com\/de\/wp-json\/wp\/v2\/users\/2"}],"replies":[{"embeddable":true,"href":"https:\/\/queensibiza.com\/de\/wp-json\/wp\/v2\/comments?post=2599"}],"version-history":[{"count":4,"href":"https:\/\/queensibiza.com\/de\/wp-json\/wp\/v2\/pages\/2599\/revisions"}],"predecessor-version":[{"id":2610,"href":"https:\/\/queensibiza.com\/de\/wp-json\/wp\/v2\/pages\/2599\/revisions\/2610"}],"wp:attachment":[{"href":"https:\/\/queensibiza.com\/de\/wp-json\/wp\/v2\/media?parent=2599"}],"curies":[{"name":"wp","href":"https:\/\/api.w.org\/{rel}","templated":true}]}}