{"id":2601,"date":"2025-03-28T12:33:36","date_gmt":"2025-03-28T11:33:36","guid":{"rendered":"https:\/\/queensibiza.com\/?page_id=2601"},"modified":"2025-03-28T12:33:36","modified_gmt":"2025-03-28T11:33:36","slug":"politica-de-privacidad","status":"publish","type":"page","link":"https:\/\/queensibiza.com\/de\/privacy-policy\/","title":{"rendered":"Datenschutzbestimmungen"},"content":{"rendered":"Datum des Inkrafttretens: Juni 2024\r\n\r\n\r\n\r\nWir bei queensibiza.com sch\u00e4tzen und respektieren die Privatsph\u00e4re unserer Nutzer und Besucher. Diese Datenschutzrichtlinie beschreibt, wie wir die pers\u00f6nlichen Daten, die Sie uns bei der Nutzung unserer Website zur Verf\u00fcgung stellen, sammeln, verwenden, weitergeben und sch\u00fctzen.\r\n\r\n\r\n<h3 class=\"wp-block-heading\">1. von uns gesammelte Informationen<\/h3>\r\n\r\n\r\nWir sammeln verschiedene Arten von Informationen, um unseren Service bereitzustellen und zu verbessern, einschlie\u00dflich:\r\n\r\n\r\n<ul>\r\n \t<li><strong>Pers\u00f6nliche Informationen<\/strong>Name, E-Mail-Adresse, Telefonnummer und alle anderen Informationen, die Sie uns freiwillig zur Verf\u00fcgung stellen.<\/li>\r\n\r\n \t<li><strong>Verwendungsdaten<\/strong>Informationen dar\u00fcber, wie Sie auf die Website zugreifen und sie nutzen, wie z. B. Ihre IP-Adresse, den Browsertyp, die von Ihnen besuchten Seiten sowie die Uhrzeit und das Datum Ihres Besuchs.<\/li>\r\n\r\n \t<li><strong>Cookies und \u00e4hnliche Technologien<\/strong>Wir verwenden Cookies und \u00e4hnliche Technologien, um die Aktivit\u00e4ten auf unserer Website zu verfolgen und bestimmte Informationen zu speichern.<\/li>\r\n<\/ul>\r\n\r\n<h3 class=\"wp-block-heading\">2. Verwendung von Informationen<\/h3>\r\n\r\n\r\nWir verwenden die von uns gesammelten Informationen f\u00fcr eine Vielzahl von Zwecken, wie zum Beispiel:\r\n\r\n\r\n<ul>\r\n \t<li>Zur Bereitstellung und Aufrechterhaltung unseres Dienstes.<\/li>\r\n\r\n \t<li>Sie \u00fcber \u00c4nderungen an unserem Dienst zu informieren.<\/li>\r\n\r\n \t<li>Unterst\u00fctzung und Hilfe f\u00fcr Kunden.<\/li>\r\n\r\n \t<li>\u00dcberwachen Sie die Nutzung der Website.<\/li>\r\n\r\n \t<li>Erkennen, Vorbeugen und Beheben technischer Probleme.<\/li>\r\n\r\n \t<li>Versendung von Marketing- und Werbemitteilungen, sofern dies angemessen und mit Ihrer Zustimmung m\u00f6glich ist.<\/li>\r\n<\/ul>\r\n\r\n<h3 class=\"wp-block-heading\">3. Informationsaustausch und -verbreitung<\/h3>\r\n\r\n\r\nWir verkaufen oder vermieten Ihre pers\u00f6nlichen Daten nicht an Dritte. Wir k\u00f6nnen Ihre Informationen unter den folgenden Umst\u00e4nden weitergeben:\r\n\r\n\r\n<ul>\r\n \t<li><strong>Mit Dienstleistern<\/strong>Dritte, die uns beim Betrieb unserer Website und bei der Erbringung von Dienstleistungen f\u00fcr Sie unterst\u00fctzen und die zum Schutz Ihrer Daten verpflichtet sind.<\/li>\r\n\r\n \t<li><strong>F\u00fcr die Einhaltung von Rechtsvorschriften<\/strong>Wenn dies gesetzlich vorgeschrieben ist oder als Antwort auf berechtigte Anfragen von Beh\u00f6rden.<\/li>\r\n\r\n \t<li><strong>Zum Schutz der Rechte<\/strong>Zum Schutz und zur Verteidigung unserer Rechte oder unseres Eigentums oder zum Schutz der pers\u00f6nlichen Sicherheit unserer Nutzer.<\/li>\r\n<\/ul>\r\n\r\n<h3 class=\"wp-block-heading\">4. Informationssicherheit<\/h3>\r\n\r\n\r\nWir ergreifen Sicherheitsma\u00dfnahmen, um Ihre pers\u00f6nlichen Daten zu sch\u00fctzen. Allerdings ist keine Methode der \u00dcbertragung \u00fcber das Internet oder der elektronischen Speicherung 100% sicher, so dass wir nicht garantieren k\u00f6nnen, seine absolute Sicherheit.\r\n\r\n\r\n<h3 class=\"wp-block-heading\">5. Ihre Datenschutzrechte<\/h3>\r\n\r\n\r\nSie haben das Recht, auf Ihre von uns erfassten personenbezogenen Daten zuzugreifen, sie zu korrigieren oder zu l\u00f6schen. Um diese Rechte auszu\u00fcben, kontaktieren Sie uns bitte unter den unten angegebenen Kontaktdaten.\r\n\r\n\r\n<h3 class=\"wp-block-heading\">6. Links zu anderen Websites<\/h3>\r\n\r\n\r\nUnsere Website kann Links zu anderen Websites enthalten, die nicht von uns betrieben werden. Wir haben keine Kontrolle \u00fcber den Inhalt und die Datenschutzpraktiken dieser Websites und \u00fcbernehmen keine Verantwortung f\u00fcr deren Datenschutzrichtlinien.\r\n\r\n\r\n<h3 class=\"wp-block-heading\">7. \u00c4nderungen an dieser Datenschutzrichtlinie<\/h3>\r\n\r\n\r\nWir k\u00f6nnen unsere Datenschutzrichtlinie von Zeit zu Zeit aktualisieren. Wir werden Sie \u00fcber alle \u00c4nderungen informieren, indem wir die neue Datenschutzrichtlinie auf dieser Seite ver\u00f6ffentlichen. Wir empfehlen Ihnen, diese Datenschutzrichtlinie regelm\u00e4\u00dfig zu \u00fcberpr\u00fcfen, um sich \u00fcber \u00c4nderungen zu informieren.\r\n\r\n\r\n<h3 class=\"wp-block-heading\">8. Kontakt<\/h3>\r\n\r\n\r\nWenn Sie Fragen oder Bedenken zu dieser Datenschutzrichtlinie haben, wenden Sie sich bitte an die folgende E-Mail-Adresse: info@queensibiza.com\r\n\r\n\r\n\r\n<hr class=\"wp-block-separator has-alpha-channel-opacity\" \/>\r\n\r\n\r\n\r\nDurch die Nutzung unserer Website erkl\u00e4ren Sie sich mit den Bedingungen dieser Datenschutzrichtlinie einverstanden. Wenn Sie mit dieser Richtlinie nicht einverstanden sind, nutzen Sie unsere Website bitte nicht.\r\n\r\n\r\n\r\nVielen Dank f\u00fcr Ihr Vertrauen in queensibiza.com.","protected":false},"excerpt":{"rendered":"<p>Fecha de entrada en vigor: Junio 2024 En queensibiza.com, valoramos y respetamos la privacidad de nuestros usuarios y visitantes. Esta [&hellip;]<\/p>","protected":false},"author":2,"featured_media":0,"parent":0,"menu_order":0,"comment_status":"closed","ping_status":"closed","template":"","meta":{"_acf_changed":false,"site-sidebar-layout":"default","site-content-layout":"","ast-site-content-layout":"default","site-content-style":"default","site-sidebar-style":"default","ast-global-header-display":"","ast-banner-title-visibility":"","ast-main-header-display":"","ast-hfb-above-header-display":"","ast-hfb-below-header-display":"","ast-hfb-mobile-header-display":"","site-post-title":"","ast-breadcrumbs-content":"","ast-featured-img":"","footer-sml-layout":"","theme-transparent-header-meta":"default","adv-header-id-meta":"","stick-header-meta":"","header-above-stick-meta":"","header-main-stick-meta":"","header-below-stick-meta":"","astra-migrate-meta-layouts":"set","ast-page-background-enabled":"default","ast-page-background-meta":{"desktop":{"background-color":"var(--ast-global-color-4)","background-image":"","background-repeat":"repeat","background-position":"center center","background-size":"auto","background-attachment":"scroll","background-type":"","background-media":"","overlay-type":"","overlay-color":"","overlay-opacity":"","overlay-gradient":""},"tablet":{"background-color":"","background-image":"","background-repeat":"repeat","background-position":"center center","background-size":"auto","background-attachment":"scroll","background-type":"","background-media":"","overlay-type":"","overlay-color":"","overlay-opacity":"","overlay-gradient":""},"mobile":{"background-color":"","background-image":"","background-repeat":"repeat","background-position":"center center","background-size":"auto","background-attachment":"scroll","background-type":"","background-media":"","overlay-type":"","overlay-color":"","overlay-opacity":"","overlay-gradient":""}},"ast-content-background-meta":{"desktop":{"background-color":"var(--ast-global-color-5)","background-image":"","background-repeat":"repeat","background-position":"center center","background-size":"auto","background-attachment":"scroll","background-type":"","background-media":"","overlay-type":"","overlay-color":"","overlay-opacity":"","overlay-gradient":""},"tablet":{"background-color":"var(--ast-global-color-5)","background-image":"","background-repeat":"repeat","background-position":"center center","background-size":"auto","background-attachment":"scroll","background-type":"","background-media":"","overlay-type":"","overlay-color":"","overlay-opacity":"","overlay-gradient":""},"mobile":{"background-color":"var(--ast-global-color-5)","background-image":"","background-repeat":"repeat","background-position":"center center","background-size":"auto","background-attachment":"scroll","background-type":"","background-media":"","overlay-type":"","overlay-color":"","overlay-opacity":"","overlay-gradient":""}},"_joinchat":[],"footnotes":""},"acf":[],"_links":{"self":[{"href":"https:\/\/queensibiza.com\/de\/wp-json\/wp\/v2\/pages\/2601"}],"collection":[{"href":"https:\/\/queensibiza.com\/de\/wp-json\/wp\/v2\/pages"}],"about":[{"href":"https:\/\/queensibiza.com\/de\/wp-json\/wp\/v2\/types\/page"}],"author":[{"embeddable":true,"href":"https:\/\/queensibiza.com\/de\/wp-json\/wp\/v2\/users\/2"}],"replies":[{"embeddable":true,"href":"https:\/\/queensibiza.com\/de\/wp-json\/wp\/v2\/comments?post=2601"}],"version-history":[{"count":1,"href":"https:\/\/queensibiza.com\/de\/wp-json\/wp\/v2\/pages\/2601\/revisions"}],"predecessor-version":[{"id":2603,"href":"https:\/\/queensibiza.com\/de\/wp-json\/wp\/v2\/pages\/2601\/revisions\/2603"}],"wp:attachment":[{"href":"https:\/\/queensibiza.com\/de\/wp-json\/wp\/v2\/media?parent=2601"}],"curies":[{"name":"wp","href":"https:\/\/api.w.org\/{rel}","templated":true}]}}