{"id":5246,"date":"2026-02-27T20:52:01","date_gmt":"2026-02-27T19:52:01","guid":{"rendered":"https:\/\/queensibiza.com\/?post_type=product&#038;p=5246"},"modified":"2026-02-27T20:52:01","modified_gmt":"2026-02-27T19:52:01","slug":"valeria-5","status":"publish","type":"product","link":"https:\/\/queensibiza.com\/de\/produkt\/valeria-5\/","title":{"rendered":"Valeria"},"content":{"rendered":"<p data-start=\"1982\" data-end=\"2273\">Hallo Schatz, ich bin <strong data-start=\"2007\" data-end=\"2017\">Valeria<\/strong>a <strong data-start=\"2023\" data-end=\"2050\">Luxus-Begleitung auf Ibiza<\/strong>, con una presencia sofisticada, piel suave y un estilo refinado que combina cercan\u00eda, sensualidad y elegancia en cada encuentro. Me encanta crear una atm\u00f3sfera \u00edntima y relajada donde la conexi\u00f3n surja de manera natural.<\/p>\n<p data-start=\"2561\" data-end=\"2790\">Disponible <strong data-start=\"2572\" data-end=\"2580\">24\/7<\/strong>Ich mache Ausfl\u00fcge zu <strong data-start=\"2600\" data-end=\"2628\">Hotels, Villen und Boote<\/strong>und ich kann Sie auch in einem <strong data-start=\"2662\" data-end=\"2694\">Privatwohnung auf Ibiza<\/strong>, \u00edntimo y elegante, reservado solo para nosotros, perfecto para disfrutar sin interrupciones.<\/p>\n<p data-start=\"2792\" data-end=\"2895\">Reserva ahora y d\u00e9jame ser ese recuerdo especial que har\u00e1 tu estancia en la isla realmente inolvidable.<\/p>","protected":false},"excerpt":{"rendered":"<div style=\"width: 480px;\" class=\"wp-video\"><!--[if lt IE 9]><script>document.createElement('video');<\/script><![endif]--><br \/>\n<video class=\"wp-video-shortcode\" id=\"video-5246-1\" width=\"480\" height=\"848\" preload=\"metadata\" controls=\"controls\"><source type=\"video\/mp4\" src=\"https:\/\/queensibiza.com\/wp-content\/uploads\/2026\/02\/Video-Valeria-Puta-de-Compania-en-Ibiza.mp4?_=1\" \/><a href=\"https:\/\/queensibiza.com\/wp-content\/uploads\/2026\/02\/Video-Valeria-Puta-de-Compania-en-Ibiza.mp4\">https:\/\/queensibiza.com\/wp-content\/uploads\/2026\/02\/Video-Valeria-Puta-de-Compania-en-Ibiza.mp4<\/a><\/video><\/div>","protected":false},"featured_media":5250,"comment_status":"open","ping_status":"closed","template":"","meta":{"_acf_changed":false,"site-sidebar-layout":"default","site-content-layout":"","ast-site-content-layout":"default","site-content-style":"default","site-sidebar-style":"default","ast-global-header-display":"","ast-banner-title-visibility":"","ast-main-header-display":"","ast-hfb-above-header-display":"","ast-hfb-below-header-display":"","ast-hfb-mobile-header-display":"","site-post-title":"","ast-breadcrumbs-content":"","ast-featured-img":"","footer-sml-layout":"","theme-transparent-header-meta":"default","adv-header-id-meta":"","stick-header-meta":"","header-above-stick-meta":"","header-main-stick-meta":"","header-below-stick-meta":"","astra-migrate-meta-layouts":"set","ast-page-background-enabled":"default","ast-page-background-meta":{"desktop":{"background-color":"var(--ast-global-color-4)","background-image":"","background-repeat":"repeat","background-position":"center center","background-size":"auto","background-attachment":"scroll","background-type":"","background-media":"","overlay-type":"","overlay-color":"","overlay-opacity":"","overlay-gradient":""},"tablet":{"background-color":"","background-image":"","background-repeat":"repeat","background-position":"center center","background-size":"auto","background-attachment":"scroll","background-type":"","background-media":"","overlay-type":"","overlay-color":"","overlay-opacity":"","overlay-gradient":""},"mobile":{"background-color":"","background-image":"","background-repeat":"repeat","background-position":"center center","background-size":"auto","background-attachment":"scroll","background-type":"","background-media":"","overlay-type":"","overlay-color":"","overlay-opacity":"","overlay-gradient":""}},"ast-content-background-meta":{"desktop":{"background-color":"var(--ast-global-color-5)","background-image":"","background-repeat":"repeat","background-position":"center center","background-size":"auto","background-attachment":"scroll","background-type":"","background-media":"","overlay-type":"","overlay-color":"","overlay-opacity":"","overlay-gradient":""},"tablet":{"background-color":"var(--ast-global-color-5)","background-image":"","background-repeat":"repeat","background-position":"center center","background-size":"auto","background-attachment":"scroll","background-type":"","background-media":"","overlay-type":"","overlay-color":"","overlay-opacity":"","overlay-gradient":""},"mobile":{"background-color":"var(--ast-global-color-5)","background-image":"","background-repeat":"repeat","background-position":"center center","background-size":"auto","background-attachment":"scroll","background-type":"","background-media":"","overlay-type":"","overlay-color":"","overlay-opacity":"","overlay-gradient":""}},"_joinchat":[]},"chicas":[],"product_cat":[20],"product_tag":[],"acf":[],"gallery_images":[5250,5247,5248,5249,5251,5252,5253,5254,5255],"_links":{"self":[{"href":"https:\/\/queensibiza.com\/de\/wp-json\/wp\/v2\/product\/5246"}],"collection":[{"href":"https:\/\/queensibiza.com\/de\/wp-json\/wp\/v2\/product"}],"about":[{"href":"https:\/\/queensibiza.com\/de\/wp-json\/wp\/v2\/types\/product"}],"replies":[{"embeddable":true,"href":"https:\/\/queensibiza.com\/de\/wp-json\/wp\/v2\/comments?post=5246"}],"wp:featuredmedia":[{"embeddable":true,"href":"https:\/\/queensibiza.com\/de\/wp-json\/wp\/v2\/media\/5250"}],"wp:attachment":[{"href":"https:\/\/queensibiza.com\/de\/wp-json\/wp\/v2\/media?parent=5246"}],"wp:term":[{"taxonomy":"chicas","embeddable":true,"href":"https:\/\/queensibiza.com\/de\/wp-json\/wp\/v2\/chicas?post=5246"},{"taxonomy":"product_cat","embeddable":true,"href":"https:\/\/queensibiza.com\/de\/wp-json\/wp\/v2\/product_cat?post=5246"},{"taxonomy":"product_tag","embeddable":true,"href":"https:\/\/queensibiza.com\/de\/wp-json\/wp\/v2\/product_tag?post=5246"}],"curies":[{"name":"wp","href":"https:\/\/api.w.org\/{rel}","templated":true}]}}