{"id":3675,"date":"2025-07-11T23:37:08","date_gmt":"2025-07-11T21:37:08","guid":{"rendered":"https:\/\/queensibiza.com\/?post_type=product&#038;p=3675"},"modified":"2026-04-17T07:25:12","modified_gmt":"2026-04-17T05:25:12","slug":"chloe-2","status":"publish","type":"product","link":"https:\/\/queensibiza.com\/en\/georgina\/","title":{"rendered":"Chloe"},"content":{"rendered":"<p>Hola cielo, soy Chloe, una escort Venezolana con curvas naturales, piel dorada y una energ\u00eda muy traviesa. Estoy en Ibiza solo por unos d\u00edas, y quiero aprovechar cada instante al m\u00e1ximo, en buena compa\u00f1\u00eda.<\/p>\n<p>I am fascinated by elegant plans, private dates, sunsets on a boat and moments where passion changes everything. With me you will find attention, discretion, and an attitude that will make you repeat.<\/p>\n<p>Available 24 hours, I do outcalls to hotels, villas and boats, and I can also receive you in a private flat in Ibiza, comfortable, discreet and very cozy.<\/p>\n<p>Make your reservation now and enjoy a unique experience.<\/p>","protected":false},"excerpt":{"rendered":"<p>Hola cielo, soy Chloe, una escort Venezolana con curvas naturales, piel dorada y una energ\u00eda muy traviesa. Estoy en Ibiza [&hellip;]<\/p>","protected":false},"featured_media":5575,"comment_status":"open","ping_status":"closed","template":"","meta":{"_acf_changed":false,"site-sidebar-layout":"default","site-content-layout":"","ast-site-content-layout":"default","site-content-style":"default","site-sidebar-style":"default","ast-global-header-display":"","ast-banner-title-visibility":"","ast-main-header-display":"","ast-hfb-above-header-display":"","ast-hfb-below-header-display":"","ast-hfb-mobile-header-display":"","site-post-title":"","ast-breadcrumbs-content":"","ast-featured-img":"","footer-sml-layout":"","theme-transparent-header-meta":"default","adv-header-id-meta":"","stick-header-meta":"","header-above-stick-meta":"","header-main-stick-meta":"","header-below-stick-meta":"","astra-migrate-meta-layouts":"set","ast-page-background-enabled":"default","ast-page-background-meta":{"desktop":{"background-color":"var(--ast-global-color-4)","background-image":"","background-repeat":"repeat","background-position":"center center","background-size":"auto","background-attachment":"scroll","background-type":"","background-media":"","overlay-type":"","overlay-color":"","overlay-opacity":"","overlay-gradient":""},"tablet":{"background-color":"","background-image":"","background-repeat":"repeat","background-position":"center center","background-size":"auto","background-attachment":"scroll","background-type":"","background-media":"","overlay-type":"","overlay-color":"","overlay-opacity":"","overlay-gradient":""},"mobile":{"background-color":"","background-image":"","background-repeat":"repeat","background-position":"center center","background-size":"auto","background-attachment":"scroll","background-type":"","background-media":"","overlay-type":"","overlay-color":"","overlay-opacity":"","overlay-gradient":""}},"ast-content-background-meta":{"desktop":{"background-color":"var(--ast-global-color-5)","background-image":"","background-repeat":"repeat","background-position":"center center","background-size":"auto","background-attachment":"scroll","background-type":"","background-media":"","overlay-type":"","overlay-color":"","overlay-opacity":"","overlay-gradient":""},"tablet":{"background-color":"var(--ast-global-color-5)","background-image":"","background-repeat":"repeat","background-position":"center center","background-size":"auto","background-attachment":"scroll","background-type":"","background-media":"","overlay-type":"","overlay-color":"","overlay-opacity":"","overlay-gradient":""},"mobile":{"background-color":"var(--ast-global-color-5)","background-image":"","background-repeat":"repeat","background-position":"center center","background-size":"auto","background-attachment":"scroll","background-type":"","background-media":"","overlay-type":"","overlay-color":"","overlay-opacity":"","overlay-gradient":""}},"_joinchat":[]},"chicas":[],"product_cat":[20],"product_tag":[],"acf":[],"gallery_images":[5575,5573,5574,5576,5577,5578,5579,5580],"_links":{"self":[{"href":"https:\/\/queensibiza.com\/en\/wp-json\/wp\/v2\/product\/3675"}],"collection":[{"href":"https:\/\/queensibiza.com\/en\/wp-json\/wp\/v2\/product"}],"about":[{"href":"https:\/\/queensibiza.com\/en\/wp-json\/wp\/v2\/types\/product"}],"replies":[{"embeddable":true,"href":"https:\/\/queensibiza.com\/en\/wp-json\/wp\/v2\/comments?post=3675"}],"wp:featuredmedia":[{"embeddable":true,"href":"https:\/\/queensibiza.com\/en\/wp-json\/wp\/v2\/media\/5575"}],"wp:attachment":[{"href":"https:\/\/queensibiza.com\/en\/wp-json\/wp\/v2\/media?parent=3675"}],"wp:term":[{"taxonomy":"chicas","embeddable":true,"href":"https:\/\/queensibiza.com\/en\/wp-json\/wp\/v2\/chicas?post=3675"},{"taxonomy":"product_cat","embeddable":true,"href":"https:\/\/queensibiza.com\/en\/wp-json\/wp\/v2\/product_cat?post=3675"},{"taxonomy":"product_tag","embeddable":true,"href":"https:\/\/queensibiza.com\/en\/wp-json\/wp\/v2\/product_tag?post=3675"}],"curies":[{"name":"wp","href":"https:\/\/api.w.org\/{rel}","templated":true}]}}