{"id":3941,"date":"2025-07-30T23:01:21","date_gmt":"2025-07-30T21:01:21","guid":{"rendered":"https:\/\/queensibiza.com\/?post_type=product&#038;p=3941"},"modified":"2026-04-17T07:28:01","modified_gmt":"2026-04-17T05:28:01","slug":"violeta-3","status":"publish","type":"product","link":"https:\/\/queensibiza.com\/en\/aenea\/","title":{"rendered":"Violet"},"content":{"rendered":"<p>Hola cielo, soy Violeta, una mujer de mirada intensa, mente despierta y cuerpo irresistible. Estoy en Ibiza esta temporada para ofrecer algo m\u00e1s que compa\u00f1\u00eda: una experiencia \u00fanica, llena de placer, conexi\u00f3n y elegancia.<\/p>\n<p>I love to enjoy without limits, with discretion and class. I love to seduce with gestures, words and silences... and to lose myself in encounters that really feel like it. Whether in your hotel, on your yacht or in a private villa, I will make every minute with you worthwhile.<\/p>\n<p>I am available every day, with flexible schedules and an open attitude. I take care of every detail because I like to leave a mark on those who know how to enjoy without haste, with style and complicity.<\/p>\n<p>If you are looking for more than a date, if you are attracted to confident, loving women with a wild touch under the skin... write me. I'm ready for you.<\/p>","protected":false},"excerpt":{"rendered":"<p>Hola cielo, soy Violeta, una mujer de mirada intensa, mente despierta y cuerpo irresistible. Estoy en Ibiza esta temporada para [&hellip;]<\/p>","protected":false},"featured_media":5583,"comment_status":"open","ping_status":"closed","template":"","meta":{"_acf_changed":false,"site-sidebar-layout":"default","site-content-layout":"","ast-site-content-layout":"default","site-content-style":"default","site-sidebar-style":"default","ast-global-header-display":"","ast-banner-title-visibility":"","ast-main-header-display":"","ast-hfb-above-header-display":"","ast-hfb-below-header-display":"","ast-hfb-mobile-header-display":"","site-post-title":"","ast-breadcrumbs-content":"","ast-featured-img":"","footer-sml-layout":"","theme-transparent-header-meta":"default","adv-header-id-meta":"","stick-header-meta":"","header-above-stick-meta":"","header-main-stick-meta":"","header-below-stick-meta":"","astra-migrate-meta-layouts":"set","ast-page-background-enabled":"default","ast-page-background-meta":{"desktop":{"background-color":"var(--ast-global-color-4)","background-image":"","background-repeat":"repeat","background-position":"center center","background-size":"auto","background-attachment":"scroll","background-type":"","background-media":"","overlay-type":"","overlay-color":"","overlay-opacity":"","overlay-gradient":""},"tablet":{"background-color":"","background-image":"","background-repeat":"repeat","background-position":"center center","background-size":"auto","background-attachment":"scroll","background-type":"","background-media":"","overlay-type":"","overlay-color":"","overlay-opacity":"","overlay-gradient":""},"mobile":{"background-color":"","background-image":"","background-repeat":"repeat","background-position":"center center","background-size":"auto","background-attachment":"scroll","background-type":"","background-media":"","overlay-type":"","overlay-color":"","overlay-opacity":"","overlay-gradient":""}},"ast-content-background-meta":{"desktop":{"background-color":"var(--ast-global-color-5)","background-image":"","background-repeat":"repeat","background-position":"center center","background-size":"auto","background-attachment":"scroll","background-type":"","background-media":"","overlay-type":"","overlay-color":"","overlay-opacity":"","overlay-gradient":""},"tablet":{"background-color":"var(--ast-global-color-5)","background-image":"","background-repeat":"repeat","background-position":"center center","background-size":"auto","background-attachment":"scroll","background-type":"","background-media":"","overlay-type":"","overlay-color":"","overlay-opacity":"","overlay-gradient":""},"mobile":{"background-color":"var(--ast-global-color-5)","background-image":"","background-repeat":"repeat","background-position":"center center","background-size":"auto","background-attachment":"scroll","background-type":"","background-media":"","overlay-type":"","overlay-color":"","overlay-opacity":"","overlay-gradient":""}},"_joinchat":[]},"chicas":[],"product_cat":[20],"product_tag":[],"acf":[],"gallery_images":[5583,5585,5581,5582,5584],"_links":{"self":[{"href":"https:\/\/queensibiza.com\/en\/wp-json\/wp\/v2\/product\/3941"}],"collection":[{"href":"https:\/\/queensibiza.com\/en\/wp-json\/wp\/v2\/product"}],"about":[{"href":"https:\/\/queensibiza.com\/en\/wp-json\/wp\/v2\/types\/product"}],"replies":[{"embeddable":true,"href":"https:\/\/queensibiza.com\/en\/wp-json\/wp\/v2\/comments?post=3941"}],"wp:featuredmedia":[{"embeddable":true,"href":"https:\/\/queensibiza.com\/en\/wp-json\/wp\/v2\/media\/5583"}],"wp:attachment":[{"href":"https:\/\/queensibiza.com\/en\/wp-json\/wp\/v2\/media?parent=3941"}],"wp:term":[{"taxonomy":"chicas","embeddable":true,"href":"https:\/\/queensibiza.com\/en\/wp-json\/wp\/v2\/chicas?post=3941"},{"taxonomy":"product_cat","embeddable":true,"href":"https:\/\/queensibiza.com\/en\/wp-json\/wp\/v2\/product_cat?post=3941"},{"taxonomy":"product_tag","embeddable":true,"href":"https:\/\/queensibiza.com\/en\/wp-json\/wp\/v2\/product_tag?post=3941"}],"curies":[{"name":"wp","href":"https:\/\/api.w.org\/{rel}","templated":true}]}}