{"id":5523,"date":"2026-04-14T06:26:52","date_gmt":"2026-04-14T04:26:52","guid":{"rendered":"https:\/\/queensibiza.com\/?post_type=product&#038;p=5523"},"modified":"2026-04-14T06:26:52","modified_gmt":"2026-04-14T04:26:52","slug":"natalia-2","status":"publish","type":"product","link":"https:\/\/queensibiza.com\/en\/natalia-2\/","title":{"rendered":"Natalia"},"content":{"rendered":"<p>Hola cielo, soy Natalia, una escort latina de lujo en Ibiza, con una figura armoniosa, piel suave y una personalidad que combina dulzura, elegancia y una sensualidad natural que se siente desde el primer momento. Me gusta crear un ambiente cercano y relajado donde todo fluya con total discreci\u00f3n.<\/p>\n<p>Estoy disponible 24\/7, realizo salidas a hoteles, villas y barcos, y tambi\u00e9n puedo recibirte en un apartamento privado en Ibiza, \u00edntimo, c\u00f3modo y reservado solo para nosotros.<\/p>\n<p>Reserva ahora y d\u00e9jame ser ese recuerdo especial que har\u00e1 tu estancia en la isla inolvidable.<\/p>","protected":false},"excerpt":{"rendered":"<div style=\"width: 480px;\" class=\"wp-video\"><!--[if lt IE 9]><script>document.createElement('video');<\/script><![endif]--><br \/>\n<video class=\"wp-video-shortcode\" id=\"video-5523-1\" width=\"480\" height=\"848\" preload=\"metadata\" controls=\"controls\"><source type=\"video\/mp4\" src=\"https:\/\/queensibiza.com\/wp-content\/uploads\/2026\/04\/Video-Natalia-Puta-Ibiza.mp4?_=1\" \/><a href=\"https:\/\/queensibiza.com\/wp-content\/uploads\/2026\/04\/Video-Natalia-Puta-Ibiza.mp4\">https:\/\/queensibiza.com\/wp-content\/uploads\/2026\/04\/Video-Natalia-Puta-Ibiza.mp4<\/a><\/video><\/div>","protected":false},"featured_media":5527,"comment_status":"open","ping_status":"closed","template":"","meta":{"_acf_changed":false,"site-sidebar-layout":"default","site-content-layout":"","ast-site-content-layout":"default","site-content-style":"default","site-sidebar-style":"default","ast-global-header-display":"","ast-banner-title-visibility":"","ast-main-header-display":"","ast-hfb-above-header-display":"","ast-hfb-below-header-display":"","ast-hfb-mobile-header-display":"","site-post-title":"","ast-breadcrumbs-content":"","ast-featured-img":"","footer-sml-layout":"","theme-transparent-header-meta":"default","adv-header-id-meta":"","stick-header-meta":"","header-above-stick-meta":"","header-main-stick-meta":"","header-below-stick-meta":"","astra-migrate-meta-layouts":"set","ast-page-background-enabled":"default","ast-page-background-meta":{"desktop":{"background-color":"var(--ast-global-color-4)","background-image":"","background-repeat":"repeat","background-position":"center center","background-size":"auto","background-attachment":"scroll","background-type":"","background-media":"","overlay-type":"","overlay-color":"","overlay-opacity":"","overlay-gradient":""},"tablet":{"background-color":"","background-image":"","background-repeat":"repeat","background-position":"center center","background-size":"auto","background-attachment":"scroll","background-type":"","background-media":"","overlay-type":"","overlay-color":"","overlay-opacity":"","overlay-gradient":""},"mobile":{"background-color":"","background-image":"","background-repeat":"repeat","background-position":"center center","background-size":"auto","background-attachment":"scroll","background-type":"","background-media":"","overlay-type":"","overlay-color":"","overlay-opacity":"","overlay-gradient":""}},"ast-content-background-meta":{"desktop":{"background-color":"var(--ast-global-color-5)","background-image":"","background-repeat":"repeat","background-position":"center center","background-size":"auto","background-attachment":"scroll","background-type":"","background-media":"","overlay-type":"","overlay-color":"","overlay-opacity":"","overlay-gradient":""},"tablet":{"background-color":"var(--ast-global-color-5)","background-image":"","background-repeat":"repeat","background-position":"center center","background-size":"auto","background-attachment":"scroll","background-type":"","background-media":"","overlay-type":"","overlay-color":"","overlay-opacity":"","overlay-gradient":""},"mobile":{"background-color":"var(--ast-global-color-5)","background-image":"","background-repeat":"repeat","background-position":"center center","background-size":"auto","background-attachment":"scroll","background-type":"","background-media":"","overlay-type":"","overlay-color":"","overlay-opacity":"","overlay-gradient":""}},"_joinchat":[]},"chicas":[],"product_cat":[20],"product_tag":[],"acf":[],"gallery_images":[5527,5526,5530,5525,5524,5528,5529],"_links":{"self":[{"href":"https:\/\/queensibiza.com\/en\/wp-json\/wp\/v2\/product\/5523"}],"collection":[{"href":"https:\/\/queensibiza.com\/en\/wp-json\/wp\/v2\/product"}],"about":[{"href":"https:\/\/queensibiza.com\/en\/wp-json\/wp\/v2\/types\/product"}],"replies":[{"embeddable":true,"href":"https:\/\/queensibiza.com\/en\/wp-json\/wp\/v2\/comments?post=5523"}],"wp:featuredmedia":[{"embeddable":true,"href":"https:\/\/queensibiza.com\/en\/wp-json\/wp\/v2\/media\/5527"}],"wp:attachment":[{"href":"https:\/\/queensibiza.com\/en\/wp-json\/wp\/v2\/media?parent=5523"}],"wp:term":[{"taxonomy":"chicas","embeddable":true,"href":"https:\/\/queensibiza.com\/en\/wp-json\/wp\/v2\/chicas?post=5523"},{"taxonomy":"product_cat","embeddable":true,"href":"https:\/\/queensibiza.com\/en\/wp-json\/wp\/v2\/product_cat?post=5523"},{"taxonomy":"product_tag","embeddable":true,"href":"https:\/\/queensibiza.com\/en\/wp-json\/wp\/v2\/product_tag?post=5523"}],"curies":[{"name":"wp","href":"https:\/\/api.w.org\/{rel}","templated":true}]}}