{"id":5993,"date":"2026-04-28T02:52:56","date_gmt":"2026-04-28T00:52:56","guid":{"rendered":"https:\/\/queensibiza.com\/?post_type=product&#038;p=5993"},"modified":"2026-04-28T04:59:46","modified_gmt":"2026-04-28T02:59:46","slug":"laura-2","status":"publish","type":"product","link":"https:\/\/queensibiza.com\/en\/laura-2\/","title":{"rendered":"Laura"},"content":{"rendered":"<p data-start=\"3225\" data-end=\"3508\">Hi honey, I'm <strong data-start=\"3250\" data-end=\"3260\">Laura<\/strong>a <strong data-start=\"3266\" data-end=\"3301\">luxury escort in Ibiza<\/strong>, con una presencia sofisticada, piel suave y una personalidad que combina elegancia, cercan\u00eda y una sensualidad natural que hace cada encuentro \u00fanico. Me gusta que todo fluya de forma c\u00f3moda y sin prisas.<\/p>\n<p data-start=\"3510\" data-end=\"3692\">Estoy en la isla para vivir contigo experiencias inolvidables: cenas rom\u00e1nticas, paseos en yate al atardecer, veladas privadas y encuentros \u00edntimos llenos de conexi\u00f3n y discreci\u00f3n.<\/p>\n<p data-start=\"3694\" data-end=\"3871\">Available <strong data-start=\"3705\" data-end=\"3713\">24\/7<\/strong>I do outings to <strong data-start=\"3733\" data-end=\"3761\">hotels, villas and boats<\/strong>or I can receive you in a <strong data-start=\"3787\" data-end=\"3819\">private flat in Ibiza<\/strong>, \u00edntimo, elegante y reservado solo para nosotros.<\/p>\n<p data-start=\"3873\" data-end=\"3966\">Reserva ahora y d\u00e9jame ser ese recuerdo especial que har\u00e1 tu estancia en la isla inolvidable.<\/p>","protected":false},"excerpt":{"rendered":"<p>Hola cielo, soy Laura, una escort de lujo en Ibiza, con una presencia sofisticada, piel suave y una personalidad que [&hellip;]<\/p>","protected":false},"featured_media":5996,"comment_status":"open","ping_status":"closed","template":"","meta":{"_acf_changed":false,"site-sidebar-layout":"default","site-content-layout":"","ast-site-content-layout":"default","site-content-style":"default","site-sidebar-style":"default","ast-global-header-display":"","ast-banner-title-visibility":"","ast-main-header-display":"","ast-hfb-above-header-display":"","ast-hfb-below-header-display":"","ast-hfb-mobile-header-display":"","site-post-title":"","ast-breadcrumbs-content":"","ast-featured-img":"","footer-sml-layout":"","theme-transparent-header-meta":"default","adv-header-id-meta":"","stick-header-meta":"","header-above-stick-meta":"","header-main-stick-meta":"","header-below-stick-meta":"","astra-migrate-meta-layouts":"set","ast-page-background-enabled":"default","ast-page-background-meta":{"desktop":{"background-color":"var(--ast-global-color-4)","background-image":"","background-repeat":"repeat","background-position":"center center","background-size":"auto","background-attachment":"scroll","background-type":"","background-media":"","overlay-type":"","overlay-color":"","overlay-opacity":"","overlay-gradient":""},"tablet":{"background-color":"","background-image":"","background-repeat":"repeat","background-position":"center center","background-size":"auto","background-attachment":"scroll","background-type":"","background-media":"","overlay-type":"","overlay-color":"","overlay-opacity":"","overlay-gradient":""},"mobile":{"background-color":"","background-image":"","background-repeat":"repeat","background-position":"center center","background-size":"auto","background-attachment":"scroll","background-type":"","background-media":"","overlay-type":"","overlay-color":"","overlay-opacity":"","overlay-gradient":""}},"ast-content-background-meta":{"desktop":{"background-color":"var(--ast-global-color-5)","background-image":"","background-repeat":"repeat","background-position":"center center","background-size":"auto","background-attachment":"scroll","background-type":"","background-media":"","overlay-type":"","overlay-color":"","overlay-opacity":"","overlay-gradient":""},"tablet":{"background-color":"var(--ast-global-color-5)","background-image":"","background-repeat":"repeat","background-position":"center center","background-size":"auto","background-attachment":"scroll","background-type":"","background-media":"","overlay-type":"","overlay-color":"","overlay-opacity":"","overlay-gradient":""},"mobile":{"background-color":"var(--ast-global-color-5)","background-image":"","background-repeat":"repeat","background-position":"center center","background-size":"auto","background-attachment":"scroll","background-type":"","background-media":"","overlay-type":"","overlay-color":"","overlay-opacity":"","overlay-gradient":""}},"_joinchat":[]},"chicas":[],"servicio":[],"product_cat":[20],"product_tag":[],"class_list":{"0":"post-5993","1":"product","2":"type-product","3":"status-publish","4":"has-post-thumbnail","6":"product_cat-disponible","7":"desktop-align-left","8":"tablet-align-left","9":"mobile-align-left","11":"first","12":"instock","13":"shipping-taxable","14":"product-type-simple"},"acf":[],"gallery_images":[5996,5994,5995,5997,5998,5999,6000,6001],"_links":{"self":[{"href":"https:\/\/queensibiza.com\/en\/wp-json\/wp\/v2\/product\/5993","targetHints":{"allow":["GET"]}}],"collection":[{"href":"https:\/\/queensibiza.com\/en\/wp-json\/wp\/v2\/product"}],"about":[{"href":"https:\/\/queensibiza.com\/en\/wp-json\/wp\/v2\/types\/product"}],"replies":[{"embeddable":true,"href":"https:\/\/queensibiza.com\/en\/wp-json\/wp\/v2\/comments?post=5993"}],"version-history":[{"count":2,"href":"https:\/\/queensibiza.com\/en\/wp-json\/wp\/v2\/product\/5993\/revisions"}],"predecessor-version":[{"id":6003,"href":"https:\/\/queensibiza.com\/en\/wp-json\/wp\/v2\/product\/5993\/revisions\/6003"}],"wp:featuredmedia":[{"embeddable":true,"href":"https:\/\/queensibiza.com\/en\/wp-json\/wp\/v2\/media\/5996"}],"wp:attachment":[{"href":"https:\/\/queensibiza.com\/en\/wp-json\/wp\/v2\/media?parent=5993"}],"wp:term":[{"taxonomy":"chicas","embeddable":true,"href":"https:\/\/queensibiza.com\/en\/wp-json\/wp\/v2\/chicas?post=5993"},{"taxonomy":"servicio","embeddable":true,"href":"https:\/\/queensibiza.com\/en\/wp-json\/wp\/v2\/servicio?post=5993"},{"taxonomy":"product_cat","embeddable":true,"href":"https:\/\/queensibiza.com\/en\/wp-json\/wp\/v2\/product_cat?post=5993"},{"taxonomy":"product_tag","embeddable":true,"href":"https:\/\/queensibiza.com\/en\/wp-json\/wp\/v2\/product_tag?post=5993"}],"curies":[{"name":"wp","href":"https:\/\/api.w.org\/{rel}","templated":true}]}}