{"id":2599,"date":"2025-03-28T12:35:34","date_gmt":"2025-03-28T11:35:34","guid":{"rendered":"https:\/\/queensibiza.com\/?page_id=2599"},"modified":"2025-03-28T12:46:39","modified_gmt":"2025-03-28T11:46:39","slug":"politica-de-cookie","status":"publish","type":"page","link":"https:\/\/queensibiza.com\/fr\/politique-en-matiere-de-cookies\/","title":{"rendered":"Politique en mati\u00e8re de cookies"},"content":{"rendered":"<p>Date d'entr\u00e9e en vigueur : juin 2024<\/p>\r\n\r\n\r\n\r\n<h3 class=\"wp-block-heading\">1) Qu'est-ce qu'un cookie ?<\/h3>\r\n\r\n\r\n\r\n<p>Les cookies sont de petits fichiers texte qui sont stock\u00e9s sur votre appareil lorsque vous visitez un site web. Ces cookies permettent au site web de se souvenir de vos actions et de vos pr\u00e9f\u00e9rences (telles que le login, la langue, la taille de la police et d'autres pr\u00e9f\u00e9rences d'affichage) pendant un certain temps, de sorte que vous n'ayez pas \u00e0 les r\u00e9initialiser chaque fois que vous revenez sur le site ou que vous naviguez d'une page \u00e0 l'autre.<\/p>\r\n\r\n\r\n\r\n<h3 class=\"wp-block-heading\">2. les types de cookies que nous utilisons<\/h3>\r\n\r\n\r\n\r\n<p>Sur le site queensibiza.com, nous utilisons des cookies \u00e0 diverses fins, qui peuvent \u00eatre class\u00e9es comme suit :<\/p>\r\n\r\n\r\n\r\n<ul>\r\n<li><strong>Biscuits essentiels<\/strong>Cookies : ils sont n\u00e9cessaires au fonctionnement du site web et permettent des fonctions de base telles que la navigation sur les pages et l'acc\u00e8s aux zones s\u00e9curis\u00e9es du site. Sans ces cookies, le site web ne peut pas fonctionner correctement.<\/li>\r\n\r\n\r\n\r\n<li><strong>Cookies de performance<\/strong>Ces cookies recueillent des informations sur la mani\u00e8re dont les visiteurs utilisent notre site web, par exemple les pages les plus souvent consult\u00e9es et les messages d'erreur re\u00e7us. Ces cookies ne recueillent pas d'informations permettant d'identifier un visiteur. Toutes les informations collect\u00e9es par ces cookies sont anonymes et ne sont utilis\u00e9es que pour am\u00e9liorer le fonctionnement du site web.<\/li>\r\n\r\n\r\n\r\n<li><strong>Cookies de fonctionnalit\u00e9<\/strong>Cookies : ils permettent au site web de se souvenir des choix que vous faites (comme votre nom d'utilisateur, votre langue ou la r\u00e9gion dans laquelle vous vous trouvez) et de fournir des fonctions am\u00e9lior\u00e9es et plus personnelles. Ces cookies peuvent \u00eatre install\u00e9s par nous ou par des tiers dont nous avons ajout\u00e9 les services \u00e0 nos pages.<\/li>\r\n\r\n\r\n\r\n<li><strong>Cookies publicitaires et marketing<\/strong>Ces cookies sont utilis\u00e9s pour diffuser des publicit\u00e9s plus pertinentes pour vous et vos centres d'int\u00e9r\u00eat. Ils sont \u00e9galement utilis\u00e9s pour limiter le nombre de fois que vous voyez une publicit\u00e9, ainsi que pour mesurer l'efficacit\u00e9 des campagnes publicitaires. Ils sont g\u00e9n\u00e9ralement plac\u00e9s par des r\u00e9seaux publicitaires avec l'autorisation de l'op\u00e9rateur du site web.<\/li>\r\n<\/ul>\r\n\r\n\r\n\r\n<h3 class=\"wp-block-heading\">3. Cookies de tiers<\/h3>\r\n\r\n\r\n\r\n<p>Nous utilisons parfois des cookies de tiers pour compiler des statistiques d'utilisation du site web et pour fournir des services de publicit\u00e9 et de marketing. Ces cookies sont g\u00e9r\u00e9s par des tiers et nous n'avons aucun contr\u00f4le direct sur eux.<\/p>\r\n\r\n\r\n\r\n<h3 class=\"wp-block-heading\">4. Comment contr\u00f4ler et supprimer les cookies<\/h3>\r\n\r\n\r\n\r\n<p>Vous avez la possibilit\u00e9 d'accepter ou de refuser les cookies. La plupart des navigateurs web acceptent automatiquement les cookies, mais vous pouvez g\u00e9n\u00e9ralement modifier les param\u00e8tres de votre navigateur pour refuser les cookies si vous le souhaitez. Veuillez noter que si vous choisissez de refuser les cookies, il se peut que vous ne puissiez pas utiliser toutes les fonctionnalit\u00e9s du site web.<\/p>\r\n\r\n\r\n\r\n<p>Pour g\u00e9rer les cookies, vous pouvez suivre les instructions de votre navigateur :<\/p>\r\n\r\n\r\n\r\n<ul>\r\n<li><strong>Google Chrome<\/strong>: <a>Param\u00e8tres des cookies dans Chrome<\/a><\/li>\r\n\r\n\r\n\r\n<li><strong>Mozilla Firefox<\/strong>: <a href=\"https:\/\/support.mozilla.org\/es\/kb\/habilitar-y-deshabilitar-cookies-sitios-web-rastrear-preferencias\" target=\"_blank\" rel=\"noopener\">Param\u00e8tres des cookies de Firefox<\/a><\/li>\r\n\r\n\r\n\r\n<li><strong>Microsoft Edge<\/strong>: <a href=\"https:\/\/support.microsoft.com\/es-es\/help\/4027947\/microsoft-edge-delete-cookies\" target=\"_blank\" rel=\"noopener\">Param\u00e8tres des cookies dans Edge<\/a><\/li>\r\n\r\n\r\n\r\n<li><strong>Safari<\/strong>: <a href=\"https:\/\/support.apple.com\/es-es\/guide\/safari\/sfri11471\/mac\" target=\"_blank\" rel=\"noopener\">Param\u00e9trage des cookies dans Safari<\/a><\/li>\r\n<\/ul>\r\n\r\n\r\n\r\n<h3 class=\"wp-block-heading\">5. Modifications de la politique en mati\u00e8re de cookies<\/h3>\r\n\r\n\r\n\r\n<p>Nous pouvons mettre \u00e0 jour notre politique en mati\u00e8re de cookies de temps \u00e0 autre. Nous vous informerons de toute modification en publiant la nouvelle politique en mati\u00e8re de cookies sur cette page. Nous vous encourageons \u00e0 consulter r\u00e9guli\u00e8rement cette politique pour prendre connaissance de tout changement.<\/p>\r\n\r\n\r\n\r\n<h3 class=\"wp-block-heading\">6. Contact<\/h3>\r\n\r\n\r\n\r\n<p>Si vous avez des questions ou des pr\u00e9occupations concernant notre politique en mati\u00e8re de cookies, veuillez nous contacter \u00e0 l'adresse \u00e9lectronique suivante : info@queensibiza.com<\/p>\r\n\r\n\r\n<hr class=\"wp-block-separator has-alpha-channel-opacity\" \/>\r\n\r\n\r\n<p>En utilisant notre site web, vous acceptez l'utilisation de cookies conform\u00e9ment \u00e0 la pr\u00e9sente politique en mati\u00e8re de cookies. Si vous n'\u00eates pas d'accord, veuillez ajuster les param\u00e8tres de votre navigateur en cons\u00e9quence ou n'utilisez pas notre site.<\/p>\r\n\r\n\r\n\r\n<p>Merci de visiter le site queensibiza.com.<\/p>","protected":false},"excerpt":{"rendered":"<p>Fecha de entrada en vigor: Junio del 2024 1. \u00bfQu\u00e9 son las cookies? Las cookies son peque\u00f1os archivos de texto [&hellip;]<\/p>","protected":false},"author":2,"featured_media":0,"parent":0,"menu_order":0,"comment_status":"closed","ping_status":"closed","template":"","meta":{"_acf_changed":false,"site-sidebar-layout":"default","site-content-layout":"","ast-site-content-layout":"default","site-content-style":"default","site-sidebar-style":"default","ast-global-header-display":"","ast-banner-title-visibility":"","ast-main-header-display":"","ast-hfb-above-header-display":"","ast-hfb-below-header-display":"","ast-hfb-mobile-header-display":"","site-post-title":"","ast-breadcrumbs-content":"","ast-featured-img":"","footer-sml-layout":"","theme-transparent-header-meta":"default","adv-header-id-meta":"","stick-header-meta":"","header-above-stick-meta":"","header-main-stick-meta":"","header-below-stick-meta":"","astra-migrate-meta-layouts":"set","ast-page-background-enabled":"default","ast-page-background-meta":{"desktop":{"background-color":"var(--ast-global-color-4)","background-image":"","background-repeat":"repeat","background-position":"center center","background-size":"auto","background-attachment":"scroll","background-type":"","background-media":"","overlay-type":"","overlay-color":"","overlay-opacity":"","overlay-gradient":""},"tablet":{"background-color":"","background-image":"","background-repeat":"repeat","background-position":"center center","background-size":"auto","background-attachment":"scroll","background-type":"","background-media":"","overlay-type":"","overlay-color":"","overlay-opacity":"","overlay-gradient":""},"mobile":{"background-color":"","background-image":"","background-repeat":"repeat","background-position":"center center","background-size":"auto","background-attachment":"scroll","background-type":"","background-media":"","overlay-type":"","overlay-color":"","overlay-opacity":"","overlay-gradient":""}},"ast-content-background-meta":{"desktop":{"background-color":"var(--ast-global-color-5)","background-image":"","background-repeat":"repeat","background-position":"center center","background-size":"auto","background-attachment":"scroll","background-type":"","background-media":"","overlay-type":"","overlay-color":"","overlay-opacity":"","overlay-gradient":""},"tablet":{"background-color":"var(--ast-global-color-5)","background-image":"","background-repeat":"repeat","background-position":"center center","background-size":"auto","background-attachment":"scroll","background-type":"","background-media":"","overlay-type":"","overlay-color":"","overlay-opacity":"","overlay-gradient":""},"mobile":{"background-color":"var(--ast-global-color-5)","background-image":"","background-repeat":"repeat","background-position":"center center","background-size":"auto","background-attachment":"scroll","background-type":"","background-media":"","overlay-type":"","overlay-color":"","overlay-opacity":"","overlay-gradient":""}},"_joinchat":[],"footnotes":""},"acf":[],"_links":{"self":[{"href":"https:\/\/queensibiza.com\/fr\/wp-json\/wp\/v2\/pages\/2599"}],"collection":[{"href":"https:\/\/queensibiza.com\/fr\/wp-json\/wp\/v2\/pages"}],"about":[{"href":"https:\/\/queensibiza.com\/fr\/wp-json\/wp\/v2\/types\/page"}],"author":[{"embeddable":true,"href":"https:\/\/queensibiza.com\/fr\/wp-json\/wp\/v2\/users\/2"}],"replies":[{"embeddable":true,"href":"https:\/\/queensibiza.com\/fr\/wp-json\/wp\/v2\/comments?post=2599"}],"version-history":[{"count":4,"href":"https:\/\/queensibiza.com\/fr\/wp-json\/wp\/v2\/pages\/2599\/revisions"}],"predecessor-version":[{"id":2610,"href":"https:\/\/queensibiza.com\/fr\/wp-json\/wp\/v2\/pages\/2599\/revisions\/2610"}],"wp:attachment":[{"href":"https:\/\/queensibiza.com\/fr\/wp-json\/wp\/v2\/media?parent=2599"}],"curies":[{"name":"wp","href":"https:\/\/api.w.org\/{rel}","templated":true}]}}