{"id":2600,"date":"2025-03-28T12:31:49","date_gmt":"2025-03-28T11:31:49","guid":{"rendered":"https:\/\/queensibiza.com\/?page_id=2600"},"modified":"2025-03-28T12:31:49","modified_gmt":"2025-03-28T11:31:49","slug":"aviso-legal","status":"publish","type":"page","link":"https:\/\/queensibiza.com\/fr\/avis-juridique\/","title":{"rendered":"Avis juridique"},"content":{"rendered":"Date d'entr\u00e9e en vigueur : juin 2024\r\n\r\n\r\n<h3 class=\"wp-block-heading\">1. la propri\u00e9t\u00e9 du site web<\/h3>\r\n\r\n\r\nLe pr\u00e9sent avis juridique r\u00e9git l'utilisation du site web www.queensibiza.com, ci-apr\u00e8s d\u00e9nomm\u00e9 le site web, qui appartient au propri\u00e9taire du domaine www.queensibiza.com.\r\n\r\n\r\n<h3 class=\"wp-block-heading\">2. Acceptation des conditions d'utilisation<\/h3>\r\n\r\n\r\nL'acc\u00e8s au site web et son utilisation impliquent l'acceptation totale et sans r\u00e9serve de toutes les dispositions incluses dans les pr\u00e9sentes mentions l\u00e9gales. Si vous n'\u00eates pas d'accord avec l'une des conditions \u00e9nonc\u00e9es dans les pr\u00e9sentes, vous ne devez pas utiliser le site web.\r\n\r\n\r\n<h3 class=\"wp-block-heading\">3. Conditions d'utilisation<\/h3>\r\n\r\n\r\nL'utilisateur s'engage \u00e0 utiliser le site Web conform\u00e9ment \u00e0 la loi, \u00e0 la morale, aux bonnes coutumes et \u00e0 l'ordre public. De m\u00eame, l'utilisateur s'engage \u00e0 ne pas utiliser le site web \u00e0 des fins illicites ou pr\u00e9judiciables aux droits et aux int\u00e9r\u00eats de tiers, ou de toute autre mani\u00e8re susceptible d'endommager, de rendre inutilisable, de surcharger ou de d\u00e9t\u00e9riorer le site web ou d'en emp\u00eacher l'utilisation normale ou la jouissance.\r\n\r\n\r\n<h3 class=\"wp-block-heading\">4. Propri\u00e9t\u00e9 intellectuelle et industrielle<\/h3>\r\n\r\n\r\nLe titulaire est propri\u00e9taire ou, le cas \u00e9ch\u00e9ant, dispose des licences correspondantes sur les droits d'exploitation de la propri\u00e9t\u00e9 intellectuelle et industrielle du site Web, ainsi que de tous les contenus qui y sont propos\u00e9s, y compris, mais sans s'y limiter : la programmation, l'\u00e9dition, la compilation et les autres \u00e9l\u00e9ments n\u00e9cessaires \u00e0 son fonctionnement, les dessins, les logos, les textes, les graphiques et\/ou tout autre contenu.\r\n\r\n\r\n\r\nLa reproduction, l'utilisation, l'exploitation, la distribution et la commercialisation totales ou partielles sont express\u00e9ment interdites sans l'autorisation \u00e9crite pr\u00e9alable du propri\u00e9taire. Toute utilisation non autoris\u00e9e au pr\u00e9alable par le Propri\u00e9taire sera consid\u00e9r\u00e9e comme une violation grave des droits de propri\u00e9t\u00e9 intellectuelle ou industrielle de l'auteur.\r\n\r\n\r\n<h3 class=\"wp-block-heading\">5. La responsabilit\u00e9<\/h3>\r\n\r\n\r\nLe Propri\u00e9taire n'est pas responsable des dommages de toute nature pouvant r\u00e9sulter d'erreurs ou d'omissions dans le contenu, du manque de disponibilit\u00e9 du site Web ou de la transmission de virus ou de programmes malveillants ou nuisibles dans le contenu, bien qu'il ait pris toutes les mesures technologiques n\u00e9cessaires pour l'emp\u00eacher.\r\n\r\n\r\n\r\nLe site web peut contenir des liens vers des sites web de tiers. Le propri\u00e9taire n'assume aucune responsabilit\u00e9 quant au contenu, aux politiques de confidentialit\u00e9 ou aux pratiques de ces sites web.\r\n\r\n\r\n<h3 class=\"wp-block-heading\">6. Modifications<\/h3>\r\n\r\n\r\nLe propri\u00e9taire se r\u00e9serve le droit d'apporter toutes les modifications qu'il juge appropri\u00e9es au site web sans pr\u00e9avis, et peut modifier, supprimer ou ajouter \u00e0 la fois le contenu et les services fournis par l'interm\u00e9diaire du site web et la mani\u00e8re dont ils sont pr\u00e9sent\u00e9s ou localis\u00e9s sur le site web.\r\n\r\n\r\n<h3 class=\"wp-block-heading\">7. Protection des donn\u00e9es personnelles<\/h3>\r\n\r\n\r\nLe Titulaire s'engage \u00e0 respecter la r\u00e9glementation en mati\u00e8re de protection des donn\u00e9es personnelles et garantit le plein respect des obligations pr\u00e9vues, ainsi que la mise en \u0153uvre des mesures de s\u00e9curit\u00e9 pr\u00e9vues par le R\u00e8glement g\u00e9n\u00e9ral sur la protection des donn\u00e9es (RGPD) et la Loi organique relative \u00e0 la protection des donn\u00e9es et \u00e0 la garantie des droits num\u00e9riques (LOPDGDD). Pour plus d'informations, veuillez consulter notre Politique de confidentialit\u00e9.\r\n\r\n\r\n<h3 class=\"wp-block-heading\">8. Droit applicable et juridiction<\/h3>\r\n\r\n\r\nLes relations entre le propri\u00e9taire et les utilisateurs du site Web sont r\u00e9gies par la l\u00e9gislation espagnole en vigueur et tout litige sera soumis aux cours et tribunaux de la ville de [Ville], \u00e0 moins que la r\u00e9glementation applicable n'en dispose autrement.\r\n\r\n\r\n<h3 class=\"wp-block-heading\">9. Contact<\/h3>\r\n\r\n\r\nSi vous avez des questions concernant ces conditions, veuillez nous contacter \u00e0 l'adresse \u00e9lectronique suivante : info@queensibiza.com\r\n\r\n\r\n\r\n<hr class=\"wp-block-separator has-alpha-channel-opacity\" \/>\r\n\r\n\r\n\r\nEn utilisant notre site web, vous acceptez les termes du pr\u00e9sent avis juridique. Si vous n'acceptez pas ces conditions, veuillez ne pas utiliser notre site.\r\n\r\n\r\n\r\nMerci d'avoir visit\u00e9 le site queensibiza.com.","protected":false},"excerpt":{"rendered":"<p>Fecha de entrada en vigor: Junio del 2024 1. Titularidad del Sitio Web El presente aviso legal regula el uso [&hellip;]<\/p>","protected":false},"author":2,"featured_media":0,"parent":0,"menu_order":0,"comment_status":"closed","ping_status":"closed","template":"","meta":{"_acf_changed":false,"site-sidebar-layout":"default","site-content-layout":"","ast-site-content-layout":"default","site-content-style":"default","site-sidebar-style":"default","ast-global-header-display":"","ast-banner-title-visibility":"","ast-main-header-display":"","ast-hfb-above-header-display":"","ast-hfb-below-header-display":"","ast-hfb-mobile-header-display":"","site-post-title":"","ast-breadcrumbs-content":"","ast-featured-img":"","footer-sml-layout":"","theme-transparent-header-meta":"default","adv-header-id-meta":"","stick-header-meta":"","header-above-stick-meta":"","header-main-stick-meta":"","header-below-stick-meta":"","astra-migrate-meta-layouts":"set","ast-page-background-enabled":"default","ast-page-background-meta":{"desktop":{"background-color":"var(--ast-global-color-4)","background-image":"","background-repeat":"repeat","background-position":"center center","background-size":"auto","background-attachment":"scroll","background-type":"","background-media":"","overlay-type":"","overlay-color":"","overlay-opacity":"","overlay-gradient":""},"tablet":{"background-color":"","background-image":"","background-repeat":"repeat","background-position":"center center","background-size":"auto","background-attachment":"scroll","background-type":"","background-media":"","overlay-type":"","overlay-color":"","overlay-opacity":"","overlay-gradient":""},"mobile":{"background-color":"","background-image":"","background-repeat":"repeat","background-position":"center center","background-size":"auto","background-attachment":"scroll","background-type":"","background-media":"","overlay-type":"","overlay-color":"","overlay-opacity":"","overlay-gradient":""}},"ast-content-background-meta":{"desktop":{"background-color":"var(--ast-global-color-5)","background-image":"","background-repeat":"repeat","background-position":"center center","background-size":"auto","background-attachment":"scroll","background-type":"","background-media":"","overlay-type":"","overlay-color":"","overlay-opacity":"","overlay-gradient":""},"tablet":{"background-color":"var(--ast-global-color-5)","background-image":"","background-repeat":"repeat","background-position":"center center","background-size":"auto","background-attachment":"scroll","background-type":"","background-media":"","overlay-type":"","overlay-color":"","overlay-opacity":"","overlay-gradient":""},"mobile":{"background-color":"var(--ast-global-color-5)","background-image":"","background-repeat":"repeat","background-position":"center center","background-size":"auto","background-attachment":"scroll","background-type":"","background-media":"","overlay-type":"","overlay-color":"","overlay-opacity":"","overlay-gradient":""}},"_joinchat":[],"footnotes":""},"acf":[],"_links":{"self":[{"href":"https:\/\/queensibiza.com\/fr\/wp-json\/wp\/v2\/pages\/2600"}],"collection":[{"href":"https:\/\/queensibiza.com\/fr\/wp-json\/wp\/v2\/pages"}],"about":[{"href":"https:\/\/queensibiza.com\/fr\/wp-json\/wp\/v2\/types\/page"}],"author":[{"embeddable":true,"href":"https:\/\/queensibiza.com\/fr\/wp-json\/wp\/v2\/users\/2"}],"replies":[{"embeddable":true,"href":"https:\/\/queensibiza.com\/fr\/wp-json\/wp\/v2\/comments?post=2600"}],"version-history":[{"count":1,"href":"https:\/\/queensibiza.com\/fr\/wp-json\/wp\/v2\/pages\/2600\/revisions"}],"predecessor-version":[{"id":2602,"href":"https:\/\/queensibiza.com\/fr\/wp-json\/wp\/v2\/pages\/2600\/revisions\/2602"}],"wp:attachment":[{"href":"https:\/\/queensibiza.com\/fr\/wp-json\/wp\/v2\/media?parent=2600"}],"curies":[{"name":"wp","href":"https:\/\/api.w.org\/{rel}","templated":true}]}}