{"id":2601,"date":"2025-03-28T12:33:36","date_gmt":"2025-03-28T11:33:36","guid":{"rendered":"https:\/\/queensibiza.com\/?page_id=2601"},"modified":"2025-03-28T12:33:36","modified_gmt":"2025-03-28T11:33:36","slug":"politica-de-privacidad","status":"publish","type":"page","link":"https:\/\/queensibiza.com\/fr\/politique-de-confidentialite\/","title":{"rendered":"Politique de confidentialit\u00e9"},"content":{"rendered":"Date d'entr\u00e9e en vigueur : juin 2024\r\n\r\n\r\n\r\nChez queensibiza.com, nous appr\u00e9cions et respectons la vie priv\u00e9e de nos utilisateurs et visiteurs. La pr\u00e9sente politique de confidentialit\u00e9 d\u00e9crit la mani\u00e8re dont nous recueillons, utilisons, partageons et prot\u00e9geons les informations personnelles que vous nous fournissez lorsque vous utilisez notre site web.\r\n\r\n\r\n<h3 class=\"wp-block-heading\">1. les informations que nous recueillons<\/h3>\r\n\r\n\r\nNous recueillons diff\u00e9rents types d'informations afin de fournir et d'am\u00e9liorer notre service, notamment :\r\n\r\n\r\n<ul>\r\n \t<li><strong>Informations personnelles<\/strong>Nom, adresse \u00e9lectronique, num\u00e9ro de t\u00e9l\u00e9phone et toute autre information que vous nous fournissez volontairement.<\/li>\r\n\r\n \t<li><strong>Donn\u00e9es d'utilisation<\/strong>Des informations sur la mani\u00e8re dont vous acc\u00e9dez au site et l'utilisez, telles que votre adresse IP, votre type de navigateur, les pages que vous visitez, ainsi que l'heure et la date de votre visite.<\/li>\r\n\r\n \t<li><strong>Cookies et technologies similaires<\/strong>Nous utilisons des cookies et des technologies similaires pour suivre l'activit\u00e9 sur notre site et conserver certaines informations.<\/li>\r\n<\/ul>\r\n\r\n<h3 class=\"wp-block-heading\">2. Utilisation des informations<\/h3>\r\n\r\n\r\nNous utilisons les informations que nous recueillons \u00e0 diverses fins, telles que\r\n\r\n\r\n<ul>\r\n \t<li>Fournir et maintenir notre service.<\/li>\r\n\r\n \t<li>vous informer des modifications apport\u00e9es \u00e0 notre service.<\/li>\r\n\r\n \t<li>Fournir un soutien et une assistance aux clients.<\/li>\r\n\r\n \t<li>Contr\u00f4ler l'utilisation du site web.<\/li>\r\n\r\n \t<li>D\u00e9tecter, pr\u00e9venir et traiter les probl\u00e8mes techniques.<\/li>\r\n\r\n \t<li>Envoyer des communications marketing et promotionnelles, le cas \u00e9ch\u00e9ant et avec votre consentement.<\/li>\r\n<\/ul>\r\n\r\n<h3 class=\"wp-block-heading\">3. Partage et diffusion de l'information<\/h3>\r\n\r\n\r\nNous ne vendons ni ne louons vos informations personnelles \u00e0 des tiers. Nous pouvons partager vos informations dans les circonstances suivantes :\r\n\r\n\r\n<ul>\r\n \t<li><strong>Avec les prestataires de services<\/strong>Les tiers qui nous aident \u00e0 exploiter notre site web et \u00e0 vous fournir des services, et qui sont tenus de prot\u00e9ger vos informations.<\/li>\r\n\r\n \t<li><strong>Pour le respect de la l\u00e9gislation<\/strong>Si la loi l'exige ou en r\u00e9ponse \u00e0 des demandes valables des autorit\u00e9s publiques.<\/li>\r\n\r\n \t<li><strong>Prot\u00e9ger les droits<\/strong>Prot\u00e9ger et d\u00e9fendre nos droits ou nos biens, ou prot\u00e9ger la s\u00e9curit\u00e9 personnelle de nos utilisateurs.<\/li>\r\n<\/ul>\r\n\r\n<h3 class=\"wp-block-heading\">4. S\u00e9curit\u00e9 de l'information<\/h3>\r\n\r\n\r\nNous mettons en \u0153uvre des mesures de s\u00e9curit\u00e9 pour prot\u00e9ger vos informations personnelles. Cependant, aucune m\u00e9thode de transmission sur Internet ou de stockage \u00e9lectronique n'est 100% s\u00fbre, et nous ne pouvons donc pas garantir une s\u00e9curit\u00e9 absolue.\r\n\r\n\r\n<h3 class=\"wp-block-heading\">5. Vos droits en mati\u00e8re de protection de la vie priv\u00e9e<\/h3>\r\n\r\n\r\nVous avez le droit d'acc\u00e9der, de corriger ou de supprimer les informations personnelles que nous avons collect\u00e9es. Pour exercer ces droits, veuillez nous contacter en utilisant les coordonn\u00e9es indiqu\u00e9es ci-dessous.\r\n\r\n\r\n<h3 class=\"wp-block-heading\">6. Liens vers d'autres sites web<\/h3>\r\n\r\n\r\nNotre site web peut contenir des liens vers d'autres sites qui ne sont pas exploit\u00e9s par nous. Nous n'avons aucun contr\u00f4le sur le contenu et les pratiques en mati\u00e8re de protection de la vie priv\u00e9e de ces sites et n'assumons aucune responsabilit\u00e9 quant \u00e0 leurs politiques en mati\u00e8re de protection de la vie priv\u00e9e.\r\n\r\n\r\n<h3 class=\"wp-block-heading\">7. Modifications de la pr\u00e9sente politique de protection de la vie priv\u00e9e<\/h3>\r\n\r\n\r\nNous pouvons mettre \u00e0 jour notre politique de confidentialit\u00e9 de temps \u00e0 autre. Nous vous informerons de toute modification en publiant la nouvelle politique de confidentialit\u00e9 sur cette page. Nous vous encourageons \u00e0 consulter r\u00e9guli\u00e8rement cette politique de confidentialit\u00e9 afin de prendre connaissance de tout changement.\r\n\r\n\r\n<h3 class=\"wp-block-heading\">8. Contact<\/h3>\r\n\r\n\r\nSi vous avez des questions ou des pr\u00e9occupations concernant la pr\u00e9sente politique de confidentialit\u00e9, veuillez nous contacter \u00e0 l'adresse \u00e9lectronique suivante : info@queensibiza.com\r\n\r\n\r\n\r\n<hr class=\"wp-block-separator has-alpha-channel-opacity\" \/>\r\n\r\n\r\n\r\nEn utilisant notre site web, vous acceptez les termes de la pr\u00e9sente politique de confidentialit\u00e9. Si vous n'acceptez pas cette politique, veuillez ne pas utiliser notre site.\r\n\r\n\r\n\r\nMerci de faire confiance \u00e0 queensibiza.com.","protected":false},"excerpt":{"rendered":"<p>Fecha de entrada en vigor: Junio 2024 En queensibiza.com, valoramos y respetamos la privacidad de nuestros usuarios y visitantes. Esta [&hellip;]<\/p>","protected":false},"author":2,"featured_media":0,"parent":0,"menu_order":0,"comment_status":"closed","ping_status":"closed","template":"","meta":{"_acf_changed":false,"site-sidebar-layout":"default","site-content-layout":"","ast-site-content-layout":"default","site-content-style":"default","site-sidebar-style":"default","ast-global-header-display":"","ast-banner-title-visibility":"","ast-main-header-display":"","ast-hfb-above-header-display":"","ast-hfb-below-header-display":"","ast-hfb-mobile-header-display":"","site-post-title":"","ast-breadcrumbs-content":"","ast-featured-img":"","footer-sml-layout":"","theme-transparent-header-meta":"default","adv-header-id-meta":"","stick-header-meta":"","header-above-stick-meta":"","header-main-stick-meta":"","header-below-stick-meta":"","astra-migrate-meta-layouts":"set","ast-page-background-enabled":"default","ast-page-background-meta":{"desktop":{"background-color":"var(--ast-global-color-4)","background-image":"","background-repeat":"repeat","background-position":"center center","background-size":"auto","background-attachment":"scroll","background-type":"","background-media":"","overlay-type":"","overlay-color":"","overlay-opacity":"","overlay-gradient":""},"tablet":{"background-color":"","background-image":"","background-repeat":"repeat","background-position":"center center","background-size":"auto","background-attachment":"scroll","background-type":"","background-media":"","overlay-type":"","overlay-color":"","overlay-opacity":"","overlay-gradient":""},"mobile":{"background-color":"","background-image":"","background-repeat":"repeat","background-position":"center center","background-size":"auto","background-attachment":"scroll","background-type":"","background-media":"","overlay-type":"","overlay-color":"","overlay-opacity":"","overlay-gradient":""}},"ast-content-background-meta":{"desktop":{"background-color":"var(--ast-global-color-5)","background-image":"","background-repeat":"repeat","background-position":"center center","background-size":"auto","background-attachment":"scroll","background-type":"","background-media":"","overlay-type":"","overlay-color":"","overlay-opacity":"","overlay-gradient":""},"tablet":{"background-color":"var(--ast-global-color-5)","background-image":"","background-repeat":"repeat","background-position":"center center","background-size":"auto","background-attachment":"scroll","background-type":"","background-media":"","overlay-type":"","overlay-color":"","overlay-opacity":"","overlay-gradient":""},"mobile":{"background-color":"var(--ast-global-color-5)","background-image":"","background-repeat":"repeat","background-position":"center center","background-size":"auto","background-attachment":"scroll","background-type":"","background-media":"","overlay-type":"","overlay-color":"","overlay-opacity":"","overlay-gradient":""}},"_joinchat":[],"footnotes":""},"acf":[],"_links":{"self":[{"href":"https:\/\/queensibiza.com\/fr\/wp-json\/wp\/v2\/pages\/2601"}],"collection":[{"href":"https:\/\/queensibiza.com\/fr\/wp-json\/wp\/v2\/pages"}],"about":[{"href":"https:\/\/queensibiza.com\/fr\/wp-json\/wp\/v2\/types\/page"}],"author":[{"embeddable":true,"href":"https:\/\/queensibiza.com\/fr\/wp-json\/wp\/v2\/users\/2"}],"replies":[{"embeddable":true,"href":"https:\/\/queensibiza.com\/fr\/wp-json\/wp\/v2\/comments?post=2601"}],"version-history":[{"count":1,"href":"https:\/\/queensibiza.com\/fr\/wp-json\/wp\/v2\/pages\/2601\/revisions"}],"predecessor-version":[{"id":2603,"href":"https:\/\/queensibiza.com\/fr\/wp-json\/wp\/v2\/pages\/2601\/revisions\/2603"}],"wp:attachment":[{"href":"https:\/\/queensibiza.com\/fr\/wp-json\/wp\/v2\/media?parent=2601"}],"curies":[{"name":"wp","href":"https:\/\/api.w.org\/{rel}","templated":true}]}}