{"id":5238,"date":"2026-02-27T20:46:26","date_gmt":"2026-02-27T19:46:26","guid":{"rendered":"https:\/\/queensibiza.com\/?post_type=product&#038;p=5238"},"modified":"2026-02-27T20:46:26","modified_gmt":"2026-02-27T19:46:26","slug":"beatriz","status":"publish","type":"product","link":"https:\/\/queensibiza.com\/fr\/beatriz\/","title":{"rendered":"Beatriz"},"content":{"rendered":"<p data-start=\"1102\" data-end=\"1403\">Bonjour mon amour, je suis <strong data-start=\"1126\" data-end=\"1135\">Beatriz<\/strong>a <strong data-start=\"1141\" data-end=\"1181\">escort latina de alto nivel en Ibiza<\/strong>, con curvas armoniosas, piel suave y una personalidad cercana que combina sensualidad y elegancia con total naturalidad. Desde el primer momento busco que te sientas c\u00f3modo y que todo fluya de forma natural y exclusiva.<\/p>\n<p data-start=\"1647\" data-end=\"1878\">Je suis disponible <strong data-start=\"1664\" data-end=\"1680\">24 heures par jour<\/strong>Je peux me rendre sur place <strong data-start=\"1705\" data-end=\"1729\">h\u00f4tel, villa ou bateau<\/strong>ou vous recevoir dans un <strong data-start=\"1749\" data-end=\"1781\">appartement priv\u00e9 \u00e0 Ibiza<\/strong>Intime, confortable et r\u00e9serv\u00e9 juste pour nous, id\u00e9al pour se d\u00e9connecter et profiter sans se presser.<\/p>\n<p data-start=\"1880\" data-end=\"1975\">R\u00e9servez votre place et laissez-moi \u00eatre le plan sp\u00e9cial dont vous vous souviendrez longtemps apr\u00e8s avoir quitt\u00e9 l'\u00eele.<\/p>","protected":false},"excerpt":{"rendered":"<div style=\"width: 478px;\" class=\"wp-video\"><!--[if lt IE 9]><script>document.createElement('video');<\/script><![endif]--><br \/>\n<video class=\"wp-video-shortcode\" id=\"video-5238-1\" width=\"478\" height=\"850\" preload=\"metadata\" controls=\"controls\"><source type=\"video\/mp4\" src=\"https:\/\/queensibiza.com\/wp-content\/uploads\/2026\/02\/Video-Beatriz-Puta-de-Lujo-en-Ibiza.mp4?_=1\" \/><a href=\"https:\/\/queensibiza.com\/wp-content\/uploads\/2026\/02\/Video-Beatriz-Puta-de-Lujo-en-Ibiza.mp4\">https:\/\/queensibiza.com\/wp-content\/uploads\/2026\/02\/Video-Beatriz-Puta-de-Lujo-en-Ibiza.mp4<\/a><\/video><\/div>","protected":false},"featured_media":5242,"comment_status":"open","ping_status":"closed","template":"","meta":{"_acf_changed":false,"site-sidebar-layout":"default","site-content-layout":"","ast-site-content-layout":"default","site-content-style":"default","site-sidebar-style":"default","ast-global-header-display":"","ast-banner-title-visibility":"","ast-main-header-display":"","ast-hfb-above-header-display":"","ast-hfb-below-header-display":"","ast-hfb-mobile-header-display":"","site-post-title":"","ast-breadcrumbs-content":"","ast-featured-img":"","footer-sml-layout":"","theme-transparent-header-meta":"default","adv-header-id-meta":"","stick-header-meta":"","header-above-stick-meta":"","header-main-stick-meta":"","header-below-stick-meta":"","astra-migrate-meta-layouts":"set","ast-page-background-enabled":"default","ast-page-background-meta":{"desktop":{"background-color":"var(--ast-global-color-4)","background-image":"","background-repeat":"repeat","background-position":"center center","background-size":"auto","background-attachment":"scroll","background-type":"","background-media":"","overlay-type":"","overlay-color":"","overlay-opacity":"","overlay-gradient":""},"tablet":{"background-color":"","background-image":"","background-repeat":"repeat","background-position":"center center","background-size":"auto","background-attachment":"scroll","background-type":"","background-media":"","overlay-type":"","overlay-color":"","overlay-opacity":"","overlay-gradient":""},"mobile":{"background-color":"","background-image":"","background-repeat":"repeat","background-position":"center center","background-size":"auto","background-attachment":"scroll","background-type":"","background-media":"","overlay-type":"","overlay-color":"","overlay-opacity":"","overlay-gradient":""}},"ast-content-background-meta":{"desktop":{"background-color":"var(--ast-global-color-5)","background-image":"","background-repeat":"repeat","background-position":"center center","background-size":"auto","background-attachment":"scroll","background-type":"","background-media":"","overlay-type":"","overlay-color":"","overlay-opacity":"","overlay-gradient":""},"tablet":{"background-color":"var(--ast-global-color-5)","background-image":"","background-repeat":"repeat","background-position":"center center","background-size":"auto","background-attachment":"scroll","background-type":"","background-media":"","overlay-type":"","overlay-color":"","overlay-opacity":"","overlay-gradient":""},"mobile":{"background-color":"var(--ast-global-color-5)","background-image":"","background-repeat":"repeat","background-position":"center center","background-size":"auto","background-attachment":"scroll","background-type":"","background-media":"","overlay-type":"","overlay-color":"","overlay-opacity":"","overlay-gradient":""}},"_joinchat":[]},"chicas":[],"product_cat":[20],"product_tag":[],"acf":[],"gallery_images":[5242,5239,5240,5241,5243,5244],"_links":{"self":[{"href":"https:\/\/queensibiza.com\/fr\/wp-json\/wp\/v2\/product\/5238"}],"collection":[{"href":"https:\/\/queensibiza.com\/fr\/wp-json\/wp\/v2\/product"}],"about":[{"href":"https:\/\/queensibiza.com\/fr\/wp-json\/wp\/v2\/types\/product"}],"replies":[{"embeddable":true,"href":"https:\/\/queensibiza.com\/fr\/wp-json\/wp\/v2\/comments?post=5238"}],"wp:featuredmedia":[{"embeddable":true,"href":"https:\/\/queensibiza.com\/fr\/wp-json\/wp\/v2\/media\/5242"}],"wp:attachment":[{"href":"https:\/\/queensibiza.com\/fr\/wp-json\/wp\/v2\/media?parent=5238"}],"wp:term":[{"taxonomy":"chicas","embeddable":true,"href":"https:\/\/queensibiza.com\/fr\/wp-json\/wp\/v2\/chicas?post=5238"},{"taxonomy":"product_cat","embeddable":true,"href":"https:\/\/queensibiza.com\/fr\/wp-json\/wp\/v2\/product_cat?post=5238"},{"taxonomy":"product_tag","embeddable":true,"href":"https:\/\/queensibiza.com\/fr\/wp-json\/wp\/v2\/product_tag?post=5238"}],"curies":[{"name":"wp","href":"https:\/\/api.w.org\/{rel}","templated":true}]}}