{"id":5913,"date":"2026-04-25T00:30:08","date_gmt":"2026-04-24T22:30:08","guid":{"rendered":"https:\/\/queensibiza.com\/?post_type=product&#038;p=5913"},"modified":"2026-04-25T00:30:08","modified_gmt":"2026-04-24T22:30:08","slug":"dakota","status":"publish","type":"product","link":"https:\/\/queensibiza.com\/fr\/product\/dakota\/","title":{"rendered":"Dakota"},"content":{"rendered":"<p data-start=\"3679\" data-end=\"3915\">Bonjour mon amour, je suis <strong data-start=\"3703\" data-end=\"3712\">Dakota<\/strong>a <strong data-start=\"3718\" data-end=\"3756\">escorte exclusive \u00e0 Ibiza<\/strong>, con una figura cuidada, piel suave y un estilo elegante que transmite sensualidad y cercan\u00eda en cada momento. Todo est\u00e1 pensado para que te sientas c\u00f3modo.<\/p>\n<p data-start=\"3917\" data-end=\"4046\">Estoy en la isla para compartir contigo planes selectos: cenas rom\u00e1nticas, veladas privadas y encuentros llenos de complicidad.<\/p>\n<p data-start=\"4048\" data-end=\"4114\">Disponible las 24 horas, con desplazamiento o recepci\u00f3n privada.<\/p>\n<p data-start=\"4116\" data-end=\"4168\">Reserva ahora y d\u00e9jame ser tu mejor plan en la isla.<\/p>","protected":false},"excerpt":{"rendered":"<p>Hola amor, soy Dakota, una escort exclusiva en Ibiza, con una figura cuidada, piel suave y un estilo elegante que [&hellip;]<\/p>","protected":false},"featured_media":5916,"comment_status":"open","ping_status":"closed","template":"","meta":{"_acf_changed":false,"site-sidebar-layout":"default","site-content-layout":"","ast-site-content-layout":"default","site-content-style":"default","site-sidebar-style":"default","ast-global-header-display":"","ast-banner-title-visibility":"","ast-main-header-display":"","ast-hfb-above-header-display":"","ast-hfb-below-header-display":"","ast-hfb-mobile-header-display":"","site-post-title":"","ast-breadcrumbs-content":"","ast-featured-img":"","footer-sml-layout":"","theme-transparent-header-meta":"default","adv-header-id-meta":"","stick-header-meta":"","header-above-stick-meta":"","header-main-stick-meta":"","header-below-stick-meta":"","astra-migrate-meta-layouts":"set","ast-page-background-enabled":"default","ast-page-background-meta":{"desktop":{"background-color":"var(--ast-global-color-4)","background-image":"","background-repeat":"repeat","background-position":"center center","background-size":"auto","background-attachment":"scroll","background-type":"","background-media":"","overlay-type":"","overlay-color":"","overlay-opacity":"","overlay-gradient":""},"tablet":{"background-color":"","background-image":"","background-repeat":"repeat","background-position":"center center","background-size":"auto","background-attachment":"scroll","background-type":"","background-media":"","overlay-type":"","overlay-color":"","overlay-opacity":"","overlay-gradient":""},"mobile":{"background-color":"","background-image":"","background-repeat":"repeat","background-position":"center center","background-size":"auto","background-attachment":"scroll","background-type":"","background-media":"","overlay-type":"","overlay-color":"","overlay-opacity":"","overlay-gradient":""}},"ast-content-background-meta":{"desktop":{"background-color":"var(--ast-global-color-5)","background-image":"","background-repeat":"repeat","background-position":"center center","background-size":"auto","background-attachment":"scroll","background-type":"","background-media":"","overlay-type":"","overlay-color":"","overlay-opacity":"","overlay-gradient":""},"tablet":{"background-color":"var(--ast-global-color-5)","background-image":"","background-repeat":"repeat","background-position":"center center","background-size":"auto","background-attachment":"scroll","background-type":"","background-media":"","overlay-type":"","overlay-color":"","overlay-opacity":"","overlay-gradient":""},"mobile":{"background-color":"var(--ast-global-color-5)","background-image":"","background-repeat":"repeat","background-position":"center center","background-size":"auto","background-attachment":"scroll","background-type":"","background-media":"","overlay-type":"","overlay-color":"","overlay-opacity":"","overlay-gradient":""}},"_joinchat":[]},"chicas":[],"servicio":[],"product_cat":[20],"product_tag":[],"class_list":{"0":"post-5913","1":"product","2":"type-product","3":"status-publish","4":"has-post-thumbnail","6":"product_cat-disponible","7":"desktop-align-left","8":"tablet-align-left","9":"mobile-align-left","11":"first","12":"instock","13":"shipping-taxable","14":"product-type-simple"},"acf":[],"gallery_images":[5916,5914,5915,5917,5918,5919,5920],"_links":{"self":[{"href":"https:\/\/queensibiza.com\/fr\/wp-json\/wp\/v2\/product\/5913","targetHints":{"allow":["GET"]}}],"collection":[{"href":"https:\/\/queensibiza.com\/fr\/wp-json\/wp\/v2\/product"}],"about":[{"href":"https:\/\/queensibiza.com\/fr\/wp-json\/wp\/v2\/types\/product"}],"replies":[{"embeddable":true,"href":"https:\/\/queensibiza.com\/fr\/wp-json\/wp\/v2\/comments?post=5913"}],"version-history":[{"count":2,"href":"https:\/\/queensibiza.com\/fr\/wp-json\/wp\/v2\/product\/5913\/revisions"}],"predecessor-version":[{"id":5922,"href":"https:\/\/queensibiza.com\/fr\/wp-json\/wp\/v2\/product\/5913\/revisions\/5922"}],"wp:featuredmedia":[{"embeddable":true,"href":"https:\/\/queensibiza.com\/fr\/wp-json\/wp\/v2\/media\/5916"}],"wp:attachment":[{"href":"https:\/\/queensibiza.com\/fr\/wp-json\/wp\/v2\/media?parent=5913"}],"wp:term":[{"taxonomy":"chicas","embeddable":true,"href":"https:\/\/queensibiza.com\/fr\/wp-json\/wp\/v2\/chicas?post=5913"},{"taxonomy":"servicio","embeddable":true,"href":"https:\/\/queensibiza.com\/fr\/wp-json\/wp\/v2\/servicio?post=5913"},{"taxonomy":"product_cat","embeddable":true,"href":"https:\/\/queensibiza.com\/fr\/wp-json\/wp\/v2\/product_cat?post=5913"},{"taxonomy":"product_tag","embeddable":true,"href":"https:\/\/queensibiza.com\/fr\/wp-json\/wp\/v2\/product_tag?post=5913"}],"curies":[{"name":"wp","href":"https:\/\/api.w.org\/{rel}","templated":true}]}}