{"id":5936,"date":"2026-04-26T20:13:10","date_gmt":"2026-04-26T18:13:10","guid":{"rendered":"https:\/\/queensibiza.com\/?post_type=product&#038;p=5936"},"modified":"2026-04-26T20:35:09","modified_gmt":"2026-04-26T18:35:09","slug":"isa","status":"publish","type":"product","link":"https:\/\/queensibiza.com\/fr\/product\/isa\/","title":{"rendered":"Isa"},"content":{"rendered":"<p data-start=\"111\" data-end=\"421\">Bonjour ch\u00e9rie, je suis <strong data-start=\"136\" data-end=\"144\">Isa<\/strong>a <strong data-start=\"150\" data-end=\"184\">escorte latine de luxe \u00e0 Ibiza<\/strong>, con una figura cuidada, piel suave y una personalidad que combina dulzura, elegancia y una sensualidad natural que se percibe desde el primer instante. Me gusta crear un ambiente cercano donde todo fluya con discreci\u00f3n y complicidad.<\/p>\n<p data-start=\"423\" data-end=\"669\">Estoy en la isla para compartir contigo experiencias \u00fanicas: cenas rom\u00e1nticas frente al mar, paseos en yate al atardecer, veladas privadas y encuentros \u00edntimos llenos de conexi\u00f3n. Cada cita se adapta a ti para que vivas algo realmente especial.<\/p>\n<p data-start=\"671\" data-end=\"838\">Disponible <strong data-start=\"682\" data-end=\"690\">24\/7<\/strong>Je fais des sorties \u00e0 <strong data-start=\"710\" data-end=\"738\">h\u00f4tels, villas et bateaux<\/strong>ou je peux vous recevoir dans un <strong data-start=\"764\" data-end=\"796\">appartement priv\u00e9 \u00e0 Ibiza<\/strong>, \u00edntimo y reservado solo para nosotros.<\/p>\n<p data-start=\"840\" data-end=\"896\">Reserva ahora y d\u00e9jame ser tu mejor recuerdo en la isla.<\/p>","protected":false},"excerpt":{"rendered":"<p>Hola cielo, soy Isa, una escort latina de lujo en Ibiza, con una figura cuidada, piel suave y una personalidad [&hellip;]<\/p>","protected":false},"featured_media":5945,"comment_status":"open","ping_status":"closed","template":"","meta":{"_acf_changed":false,"site-sidebar-layout":"default","site-content-layout":"","ast-site-content-layout":"default","site-content-style":"default","site-sidebar-style":"default","ast-global-header-display":"","ast-banner-title-visibility":"","ast-main-header-display":"","ast-hfb-above-header-display":"","ast-hfb-below-header-display":"","ast-hfb-mobile-header-display":"","site-post-title":"","ast-breadcrumbs-content":"","ast-featured-img":"","footer-sml-layout":"","theme-transparent-header-meta":"default","adv-header-id-meta":"","stick-header-meta":"","header-above-stick-meta":"","header-main-stick-meta":"","header-below-stick-meta":"","astra-migrate-meta-layouts":"set","ast-page-background-enabled":"default","ast-page-background-meta":{"desktop":{"background-color":"var(--ast-global-color-4)","background-image":"","background-repeat":"repeat","background-position":"center center","background-size":"auto","background-attachment":"scroll","background-type":"","background-media":"","overlay-type":"","overlay-color":"","overlay-opacity":"","overlay-gradient":""},"tablet":{"background-color":"","background-image":"","background-repeat":"repeat","background-position":"center center","background-size":"auto","background-attachment":"scroll","background-type":"","background-media":"","overlay-type":"","overlay-color":"","overlay-opacity":"","overlay-gradient":""},"mobile":{"background-color":"","background-image":"","background-repeat":"repeat","background-position":"center center","background-size":"auto","background-attachment":"scroll","background-type":"","background-media":"","overlay-type":"","overlay-color":"","overlay-opacity":"","overlay-gradient":""}},"ast-content-background-meta":{"desktop":{"background-color":"var(--ast-global-color-5)","background-image":"","background-repeat":"repeat","background-position":"center center","background-size":"auto","background-attachment":"scroll","background-type":"","background-media":"","overlay-type":"","overlay-color":"","overlay-opacity":"","overlay-gradient":""},"tablet":{"background-color":"var(--ast-global-color-5)","background-image":"","background-repeat":"repeat","background-position":"center center","background-size":"auto","background-attachment":"scroll","background-type":"","background-media":"","overlay-type":"","overlay-color":"","overlay-opacity":"","overlay-gradient":""},"mobile":{"background-color":"var(--ast-global-color-5)","background-image":"","background-repeat":"repeat","background-position":"center center","background-size":"auto","background-attachment":"scroll","background-type":"","background-media":"","overlay-type":"","overlay-color":"","overlay-opacity":"","overlay-gradient":""}},"_joinchat":[]},"chicas":[],"servicio":[],"product_cat":[20],"product_tag":[],"class_list":{"0":"post-5936","1":"product","2":"type-product","3":"status-publish","4":"has-post-thumbnail","6":"product_cat-disponible","7":"desktop-align-left","8":"tablet-align-left","9":"mobile-align-left","11":"first","12":"instock","13":"shipping-taxable","14":"product-type-simple"},"acf":[],"gallery_images":[5945,5942,5943,5944,5946,5947,5948,5949,5950],"_links":{"self":[{"href":"https:\/\/queensibiza.com\/fr\/wp-json\/wp\/v2\/product\/5936","targetHints":{"allow":["GET"]}}],"collection":[{"href":"https:\/\/queensibiza.com\/fr\/wp-json\/wp\/v2\/product"}],"about":[{"href":"https:\/\/queensibiza.com\/fr\/wp-json\/wp\/v2\/types\/product"}],"replies":[{"embeddable":true,"href":"https:\/\/queensibiza.com\/fr\/wp-json\/wp\/v2\/comments?post=5936"}],"version-history":[{"count":2,"href":"https:\/\/queensibiza.com\/fr\/wp-json\/wp\/v2\/product\/5936\/revisions"}],"predecessor-version":[{"id":5938,"href":"https:\/\/queensibiza.com\/fr\/wp-json\/wp\/v2\/product\/5936\/revisions\/5938"}],"wp:featuredmedia":[{"embeddable":true,"href":"https:\/\/queensibiza.com\/fr\/wp-json\/wp\/v2\/media\/5945"}],"wp:attachment":[{"href":"https:\/\/queensibiza.com\/fr\/wp-json\/wp\/v2\/media?parent=5936"}],"wp:term":[{"taxonomy":"chicas","embeddable":true,"href":"https:\/\/queensibiza.com\/fr\/wp-json\/wp\/v2\/chicas?post=5936"},{"taxonomy":"servicio","embeddable":true,"href":"https:\/\/queensibiza.com\/fr\/wp-json\/wp\/v2\/servicio?post=5936"},{"taxonomy":"product_cat","embeddable":true,"href":"https:\/\/queensibiza.com\/fr\/wp-json\/wp\/v2\/product_cat?post=5936"},{"taxonomy":"product_tag","embeddable":true,"href":"https:\/\/queensibiza.com\/fr\/wp-json\/wp\/v2\/product_tag?post=5936"}],"curies":[{"name":"wp","href":"https:\/\/api.w.org\/{rel}","templated":true}]}}