{"id":5965,"date":"2026-04-28T00:14:07","date_gmt":"2026-04-27T22:14:07","guid":{"rendered":"https:\/\/queensibiza.com\/?post_type=product&#038;p=5965"},"modified":"2026-04-28T01:40:51","modified_gmt":"2026-04-27T23:40:51","slug":"diana-6","status":"publish","type":"product","link":"https:\/\/queensibiza.com\/fr\/product\/diana-6\/","title":{"rendered":"Diana"},"content":{"rendered":"<p data-start=\"1758\" data-end=\"2043\">Bonjour ch\u00e9rie, je suis <strong data-start=\"1783\" data-end=\"1794\">Diana<\/strong>a <strong data-start=\"1800\" data-end=\"1836\">escorte de luxe \u00e0 Ibiza<\/strong>, con curvas armoniosas, piel suave y una personalidad que combina dulzura, elegancia y una sensualidad natural que no pasa desapercibida. Me gusta cuidar cada detalle para que cada encuentro sea especial.<\/p>\n<p data-start=\"2045\" data-end=\"2264\">Estoy en la isla para compartir contigo experiencias exclusivas: cenas rom\u00e1nticas, paseos en yate al atardecer, veladas privadas y momentos \u00edntimos llenos de complicidad. Todo pensado para que disfrutes de algo \u00fanico.<\/p>\n<p data-start=\"2266\" data-end=\"2441\">Disponible <strong data-start=\"2277\" data-end=\"2285\">24\/7<\/strong>Je fais des sorties \u00e0 <strong data-start=\"2305\" data-end=\"2333\">h\u00f4tels, villas et bateaux<\/strong>ou je peux vous recevoir dans un <strong data-start=\"2359\" data-end=\"2391\">appartement priv\u00e9 \u00e0 Ibiza<\/strong>, \u00edntimo, c\u00f3modo y reservado solo para nosotros.<\/p>\n<p data-start=\"2443\" data-end=\"2530\">Reserva ahora y d\u00e9jame convertir tu estancia en la isla en una experiencia inolvidable.<\/p>","protected":false},"excerpt":{"rendered":"<p>Hola cielo, soy Diana, una escort de lujo en Ibiza, con curvas armoniosas, piel suave y una personalidad que combina [&hellip;]<\/p>","protected":false},"featured_media":5972,"comment_status":"open","ping_status":"closed","template":"","meta":{"_acf_changed":false,"site-sidebar-layout":"default","site-content-layout":"","ast-site-content-layout":"default","site-content-style":"default","site-sidebar-style":"default","ast-global-header-display":"","ast-banner-title-visibility":"","ast-main-header-display":"","ast-hfb-above-header-display":"","ast-hfb-below-header-display":"","ast-hfb-mobile-header-display":"","site-post-title":"","ast-breadcrumbs-content":"","ast-featured-img":"","footer-sml-layout":"","theme-transparent-header-meta":"default","adv-header-id-meta":"","stick-header-meta":"","header-above-stick-meta":"","header-main-stick-meta":"","header-below-stick-meta":"","astra-migrate-meta-layouts":"set","ast-page-background-enabled":"default","ast-page-background-meta":{"desktop":{"background-color":"var(--ast-global-color-4)","background-image":"","background-repeat":"repeat","background-position":"center center","background-size":"auto","background-attachment":"scroll","background-type":"","background-media":"","overlay-type":"","overlay-color":"","overlay-opacity":"","overlay-gradient":""},"tablet":{"background-color":"","background-image":"","background-repeat":"repeat","background-position":"center center","background-size":"auto","background-attachment":"scroll","background-type":"","background-media":"","overlay-type":"","overlay-color":"","overlay-opacity":"","overlay-gradient":""},"mobile":{"background-color":"","background-image":"","background-repeat":"repeat","background-position":"center center","background-size":"auto","background-attachment":"scroll","background-type":"","background-media":"","overlay-type":"","overlay-color":"","overlay-opacity":"","overlay-gradient":""}},"ast-content-background-meta":{"desktop":{"background-color":"var(--ast-global-color-5)","background-image":"","background-repeat":"repeat","background-position":"center center","background-size":"auto","background-attachment":"scroll","background-type":"","background-media":"","overlay-type":"","overlay-color":"","overlay-opacity":"","overlay-gradient":""},"tablet":{"background-color":"var(--ast-global-color-5)","background-image":"","background-repeat":"repeat","background-position":"center center","background-size":"auto","background-attachment":"scroll","background-type":"","background-media":"","overlay-type":"","overlay-color":"","overlay-opacity":"","overlay-gradient":""},"mobile":{"background-color":"var(--ast-global-color-5)","background-image":"","background-repeat":"repeat","background-position":"center center","background-size":"auto","background-attachment":"scroll","background-type":"","background-media":"","overlay-type":"","overlay-color":"","overlay-opacity":"","overlay-gradient":""}},"_joinchat":[]},"chicas":[],"servicio":[],"product_cat":[20],"product_tag":[],"class_list":{"0":"post-5965","1":"product","2":"type-product","3":"status-publish","4":"has-post-thumbnail","6":"product_cat-disponible","7":"desktop-align-left","8":"tablet-align-left","9":"mobile-align-left","11":"first","12":"instock","13":"shipping-taxable","14":"product-type-simple"},"acf":[],"gallery_images":[5972,5973,5974,5975,5976,5977,5978],"_links":{"self":[{"href":"https:\/\/queensibiza.com\/fr\/wp-json\/wp\/v2\/product\/5965","targetHints":{"allow":["GET"]}}],"collection":[{"href":"https:\/\/queensibiza.com\/fr\/wp-json\/wp\/v2\/product"}],"about":[{"href":"https:\/\/queensibiza.com\/fr\/wp-json\/wp\/v2\/types\/product"}],"replies":[{"embeddable":true,"href":"https:\/\/queensibiza.com\/fr\/wp-json\/wp\/v2\/comments?post=5965"}],"version-history":[{"count":2,"href":"https:\/\/queensibiza.com\/fr\/wp-json\/wp\/v2\/product\/5965\/revisions"}],"predecessor-version":[{"id":5967,"href":"https:\/\/queensibiza.com\/fr\/wp-json\/wp\/v2\/product\/5965\/revisions\/5967"}],"wp:featuredmedia":[{"embeddable":true,"href":"https:\/\/queensibiza.com\/fr\/wp-json\/wp\/v2\/media\/5972"}],"wp:attachment":[{"href":"https:\/\/queensibiza.com\/fr\/wp-json\/wp\/v2\/media?parent=5965"}],"wp:term":[{"taxonomy":"chicas","embeddable":true,"href":"https:\/\/queensibiza.com\/fr\/wp-json\/wp\/v2\/chicas?post=5965"},{"taxonomy":"servicio","embeddable":true,"href":"https:\/\/queensibiza.com\/fr\/wp-json\/wp\/v2\/servicio?post=5965"},{"taxonomy":"product_cat","embeddable":true,"href":"https:\/\/queensibiza.com\/fr\/wp-json\/wp\/v2\/product_cat?post=5965"},{"taxonomy":"product_tag","embeddable":true,"href":"https:\/\/queensibiza.com\/fr\/wp-json\/wp\/v2\/product_tag?post=5965"}],"curies":[{"name":"wp","href":"https:\/\/api.w.org\/{rel}","templated":true}]}}