{"id":6697,"date":"2026-05-13T02:13:02","date_gmt":"2026-05-13T00:13:02","guid":{"rendered":"https:\/\/queensibiza.com\/?post_type=product&#038;p=6697"},"modified":"2026-05-13T02:13:02","modified_gmt":"2026-05-13T00:13:02","slug":"isabella-5","status":"publish","type":"product","link":"https:\/\/queensibiza.com\/fr\/product\/isabella-5\/","title":{"rendered":"Isabella"},"content":{"rendered":"<p data-start=\"1010\" data-end=\"1305\">Bonjour mon amour, je suis <strong data-start=\"1034\" data-end=\"1045\">Isabella<\/strong>a <strong data-start=\"1051\" data-end=\"1092\">escorte de luxe \u00e0 Ibiza<\/strong>, con una presencia sofisticada, piel suave y una personalidad que combina elegancia, cercan\u00eda y una sensualidad natural. Desde el primer instante me gusta que te sientas c\u00f3modo y que todo fluya con complicidad.<\/p>\n<p data-start=\"1504\" data-end=\"1736\">Je suis disponible <strong data-start=\"1521\" data-end=\"1537\">24 heures par jour<\/strong>Je peux me rendre sur place <strong data-start=\"1562\" data-end=\"1586\">h\u00f4tel, villa ou bateau<\/strong>ou vous recevoir dans un <strong data-start=\"1606\" data-end=\"1638\">appartement priv\u00e9 \u00e0 Ibiza<\/strong>, \u00edntimo, elegante y reservado solo para nosotros, ideal para desconectar y disfrutar con calma.<\/p>\n<p data-start=\"1738\" data-end=\"1833\">R\u00e9servez votre place et laissez-moi \u00eatre le plan sp\u00e9cial dont vous vous souviendrez longtemps apr\u00e8s avoir quitt\u00e9 l'\u00eele.<\/p>","protected":false},"excerpt":{"rendered":"<div style=\"width: 480px;\" class=\"wp-video\"><!--[if lt IE 9]><script>document.createElement('video');<\/script><![endif]--><br \/>\n<video class=\"wp-video-shortcode\" id=\"video-6697-1\" width=\"480\" height=\"848\" preload=\"metadata\" controls=\"controls\"><source type=\"video\/mp4\" src=\"https:\/\/queensibiza.com\/wp-content\/uploads\/2026\/05\/Video-Isabella-Escort-en-Puerto-de-Ibiza.mp4?_=1\" \/><a href=\"https:\/\/queensibiza.com\/wp-content\/uploads\/2026\/05\/Video-Isabella-Escort-en-Puerto-de-Ibiza.mp4\">https:\/\/queensibiza.com\/wp-content\/uploads\/2026\/05\/Video-Isabella-Escort-en-Puerto-de-Ibiza.mp4<\/a><\/video><\/div>","protected":false},"featured_media":6702,"comment_status":"open","ping_status":"closed","template":"","meta":{"_acf_changed":false,"site-sidebar-layout":"default","site-content-layout":"","ast-site-content-layout":"default","site-content-style":"default","site-sidebar-style":"default","ast-global-header-display":"","ast-banner-title-visibility":"","ast-main-header-display":"","ast-hfb-above-header-display":"","ast-hfb-below-header-display":"","ast-hfb-mobile-header-display":"","site-post-title":"","ast-breadcrumbs-content":"","ast-featured-img":"","footer-sml-layout":"","theme-transparent-header-meta":"default","adv-header-id-meta":"","stick-header-meta":"","header-above-stick-meta":"","header-main-stick-meta":"","header-below-stick-meta":"","astra-migrate-meta-layouts":"set","ast-page-background-enabled":"default","ast-page-background-meta":{"desktop":{"background-color":"var(--ast-global-color-4)","background-image":"","background-repeat":"repeat","background-position":"center center","background-size":"auto","background-attachment":"scroll","background-type":"","background-media":"","overlay-type":"","overlay-color":"","overlay-opacity":"","overlay-gradient":""},"tablet":{"background-color":"","background-image":"","background-repeat":"repeat","background-position":"center center","background-size":"auto","background-attachment":"scroll","background-type":"","background-media":"","overlay-type":"","overlay-color":"","overlay-opacity":"","overlay-gradient":""},"mobile":{"background-color":"","background-image":"","background-repeat":"repeat","background-position":"center center","background-size":"auto","background-attachment":"scroll","background-type":"","background-media":"","overlay-type":"","overlay-color":"","overlay-opacity":"","overlay-gradient":""}},"ast-content-background-meta":{"desktop":{"background-color":"var(--ast-global-color-5)","background-image":"","background-repeat":"repeat","background-position":"center center","background-size":"auto","background-attachment":"scroll","background-type":"","background-media":"","overlay-type":"","overlay-color":"","overlay-opacity":"","overlay-gradient":""},"tablet":{"background-color":"var(--ast-global-color-5)","background-image":"","background-repeat":"repeat","background-position":"center center","background-size":"auto","background-attachment":"scroll","background-type":"","background-media":"","overlay-type":"","overlay-color":"","overlay-opacity":"","overlay-gradient":""},"mobile":{"background-color":"var(--ast-global-color-5)","background-image":"","background-repeat":"repeat","background-position":"center center","background-size":"auto","background-attachment":"scroll","background-type":"","background-media":"","overlay-type":"","overlay-color":"","overlay-opacity":"","overlay-gradient":""}},"_joinchat":[]},"chicas":[],"servicio":[],"product_cat":[20],"product_tag":[],"class_list":{"0":"post-6697","1":"product","2":"type-product","3":"status-publish","4":"has-post-thumbnail","6":"product_cat-disponible","7":"desktop-align-left","8":"tablet-align-left","9":"mobile-align-left","11":"first","12":"instock","13":"shipping-taxable","14":"product-type-simple"},"acf":[],"gallery_images":[6702,6698,6699,6700,6701,6703,6704],"_links":{"self":[{"href":"https:\/\/queensibiza.com\/fr\/wp-json\/wp\/v2\/product\/6697","targetHints":{"allow":["GET"]}}],"collection":[{"href":"https:\/\/queensibiza.com\/fr\/wp-json\/wp\/v2\/product"}],"about":[{"href":"https:\/\/queensibiza.com\/fr\/wp-json\/wp\/v2\/types\/product"}],"replies":[{"embeddable":true,"href":"https:\/\/queensibiza.com\/fr\/wp-json\/wp\/v2\/comments?post=6697"}],"version-history":[{"count":2,"href":"https:\/\/queensibiza.com\/fr\/wp-json\/wp\/v2\/product\/6697\/revisions"}],"predecessor-version":[{"id":6707,"href":"https:\/\/queensibiza.com\/fr\/wp-json\/wp\/v2\/product\/6697\/revisions\/6707"}],"wp:featuredmedia":[{"embeddable":true,"href":"https:\/\/queensibiza.com\/fr\/wp-json\/wp\/v2\/media\/6702"}],"wp:attachment":[{"href":"https:\/\/queensibiza.com\/fr\/wp-json\/wp\/v2\/media?parent=6697"}],"wp:term":[{"taxonomy":"chicas","embeddable":true,"href":"https:\/\/queensibiza.com\/fr\/wp-json\/wp\/v2\/chicas?post=6697"},{"taxonomy":"servicio","embeddable":true,"href":"https:\/\/queensibiza.com\/fr\/wp-json\/wp\/v2\/servicio?post=6697"},{"taxonomy":"product_cat","embeddable":true,"href":"https:\/\/queensibiza.com\/fr\/wp-json\/wp\/v2\/product_cat?post=6697"},{"taxonomy":"product_tag","embeddable":true,"href":"https:\/\/queensibiza.com\/fr\/wp-json\/wp\/v2\/product_tag?post=6697"}],"curies":[{"name":"wp","href":"https:\/\/api.w.org\/{rel}","templated":true}]}}