{"id":1880,"date":"2026-01-14T16:33:06","date_gmt":"2026-01-14T15:33:06","guid":{"rendered":"https:\/\/queensibiza.com\/?post_type=product&#038;p=1880"},"modified":"2026-01-15T17:06:19","modified_gmt":"2026-01-15T16:06:19","slug":"esther","status":"publish","type":"product","link":"https:\/\/queensibiza.com\/it\/esther\/","title":{"rendered":"Ester"},"content":{"rendered":"<p>Come ragazza escort a Ibiza, mi dedico ad offrire momenti esclusivi e pieni di raffinatezza. Il mio stile elegante e la mia discrezione mi permettono di accompagnarvi a qualsiasi evento o incontro privato. Ogni esperienza con me \u00e8 personalizzata, su misura per voi, per farvi sentire a vostro agio fin dal primo momento. Ogni dettaglio \u00e8 importante per me e mi impegno a creare un'atmosfera in cui vi sentiate a vostro agio e rilassati. Il mio obiettivo \u00e8 quello di farvi vivere un'esperienza indimenticabile, all'insegna del piacere e del comfort. Sono disponibile ad accompagnarvi in qualsiasi momento lo desideriate, garantendovi sempre discrezione ed esclusivit\u00e0 in ogni incontro.<\/p>\n<p>&nbsp;<\/p>","protected":false},"excerpt":{"rendered":"<div style=\"width: 720px;\" class=\"wp-video\"><!--[if lt IE 9]><script>document.createElement('video');<\/script><![endif]--><br \/>\n<video class=\"wp-video-shortcode\" id=\"video-1880-1\" width=\"720\" height=\"1280\" preload=\"metadata\" controls=\"controls\"><source type=\"video\/mp4\" src=\"https:\/\/queensibiza.com\/wp-content\/uploads\/2024\/09\/Esther-Puta-de-Alto-Nivel-en-Ibiza.mp4?_=1\" \/><a href=\"https:\/\/queensibiza.com\/wp-content\/uploads\/2024\/09\/Esther-Puta-de-Alto-Nivel-en-Ibiza.mp4\">https:\/\/queensibiza.com\/wp-content\/uploads\/2024\/09\/Esther-Puta-de-Alto-Nivel-en-Ibiza.mp4<\/a><\/video><\/div>","protected":false},"featured_media":1889,"comment_status":"open","ping_status":"closed","template":"","meta":{"_acf_changed":false,"site-sidebar-layout":"default","site-content-layout":"","ast-site-content-layout":"default","site-content-style":"default","site-sidebar-style":"default","ast-global-header-display":"","ast-banner-title-visibility":"","ast-main-header-display":"","ast-hfb-above-header-display":"","ast-hfb-below-header-display":"","ast-hfb-mobile-header-display":"","site-post-title":"","ast-breadcrumbs-content":"","ast-featured-img":"","footer-sml-layout":"","theme-transparent-header-meta":"default","adv-header-id-meta":"","stick-header-meta":"","header-above-stick-meta":"","header-main-stick-meta":"","header-below-stick-meta":"","astra-migrate-meta-layouts":"set","ast-page-background-enabled":"default","ast-page-background-meta":{"desktop":{"background-color":"var(--ast-global-color-4)","background-image":"","background-repeat":"repeat","background-position":"center center","background-size":"auto","background-attachment":"scroll","background-type":"","background-media":"","overlay-type":"","overlay-color":"","overlay-opacity":"","overlay-gradient":""},"tablet":{"background-color":"","background-image":"","background-repeat":"repeat","background-position":"center center","background-size":"auto","background-attachment":"scroll","background-type":"","background-media":"","overlay-type":"","overlay-color":"","overlay-opacity":"","overlay-gradient":""},"mobile":{"background-color":"","background-image":"","background-repeat":"repeat","background-position":"center center","background-size":"auto","background-attachment":"scroll","background-type":"","background-media":"","overlay-type":"","overlay-color":"","overlay-opacity":"","overlay-gradient":""}},"ast-content-background-meta":{"desktop":{"background-color":"var(--ast-global-color-5)","background-image":"","background-repeat":"repeat","background-position":"center center","background-size":"auto","background-attachment":"scroll","background-type":"","background-media":"","overlay-type":"","overlay-color":"","overlay-opacity":"","overlay-gradient":""},"tablet":{"background-color":"var(--ast-global-color-5)","background-image":"","background-repeat":"repeat","background-position":"center center","background-size":"auto","background-attachment":"scroll","background-type":"","background-media":"","overlay-type":"","overlay-color":"","overlay-opacity":"","overlay-gradient":""},"mobile":{"background-color":"var(--ast-global-color-5)","background-image":"","background-repeat":"repeat","background-position":"center center","background-size":"auto","background-attachment":"scroll","background-type":"","background-media":"","overlay-type":"","overlay-color":"","overlay-opacity":"","overlay-gradient":""}},"_joinchat":[]},"chicas":[],"product_cat":[20],"product_tag":[],"acf":[],"gallery_images":[1881,1882,1883,1884,1885,1886,1887,1888,1889],"_links":{"self":[{"href":"https:\/\/queensibiza.com\/it\/wp-json\/wp\/v2\/product\/1880"}],"collection":[{"href":"https:\/\/queensibiza.com\/it\/wp-json\/wp\/v2\/product"}],"about":[{"href":"https:\/\/queensibiza.com\/it\/wp-json\/wp\/v2\/types\/product"}],"replies":[{"embeddable":true,"href":"https:\/\/queensibiza.com\/it\/wp-json\/wp\/v2\/comments?post=1880"}],"wp:featuredmedia":[{"embeddable":true,"href":"https:\/\/queensibiza.com\/it\/wp-json\/wp\/v2\/media\/1889"}],"wp:attachment":[{"href":"https:\/\/queensibiza.com\/it\/wp-json\/wp\/v2\/media?parent=1880"}],"wp:term":[{"taxonomy":"chicas","embeddable":true,"href":"https:\/\/queensibiza.com\/it\/wp-json\/wp\/v2\/chicas?post=1880"},{"taxonomy":"product_cat","embeddable":true,"href":"https:\/\/queensibiza.com\/it\/wp-json\/wp\/v2\/product_cat?post=1880"},{"taxonomy":"product_tag","embeddable":true,"href":"https:\/\/queensibiza.com\/it\/wp-json\/wp\/v2\/product_tag?post=1880"}],"curies":[{"name":"wp","href":"https:\/\/api.w.org\/{rel}","templated":true}]}}