{"id":5959,"date":"2026-04-28T00:06:36","date_gmt":"2026-04-27T22:06:36","guid":{"rendered":"https:\/\/queensibiza.com\/?post_type=product&#038;p=5959"},"modified":"2026-04-28T01:45:10","modified_gmt":"2026-04-27T23:45:10","slug":"zara","status":"publish","type":"product","link":"https:\/\/queensibiza.com\/it\/product\/zara\/","title":{"rendered":"Zara"},"content":{"rendered":"<p data-start=\"114\" data-end=\"418\">Ciao tesoro, sono <strong data-start=\"139\" data-end=\"150\">Zara<\/strong>a <strong data-start=\"156\" data-end=\"190\">escort latina di lusso a Ibiza<\/strong>, con una figura cuidada, piel suave y una personalidad que combina dulzura, elegancia y una sensualidad natural que se siente desde el primer instante. Me gusta crear un ambiente cercano donde todo fluya con total discreci\u00f3n.<\/p>\n<p data-start=\"420\" data-end=\"696\">Estoy en la isla para compartir contigo experiencias \u00fanicas: cenas rom\u00e1nticas frente al mar, paseos en yate al atardecer, veladas privadas y encuentros \u00edntimos llenos de complicidad. Cada cita est\u00e1 pensada para adaptarse a ti y hacer de cada momento algo realmente especial.<\/p>\n<p data-start=\"698\" data-end=\"871\">Sono disponibile <strong data-start=\"715\" data-end=\"723\">24\/7<\/strong>Faccio gite a <strong data-start=\"743\" data-end=\"771\">hotel, ville e barche<\/strong>o posso ricevervi in un <strong data-start=\"797\" data-end=\"829\">appartamento privato a Ibiza<\/strong>, \u00edntimo y reservado solo para nosotros.<\/p>\n<p data-start=\"873\" data-end=\"966\">Reserva ahora y d\u00e9jame ser ese recuerdo especial que har\u00e1 tu estancia en la isla inolvidable.<\/p>","protected":false},"excerpt":{"rendered":"<div style=\"width: 480px;\" class=\"wp-video\"><!--[if lt IE 9]><script>document.createElement('video');<\/script><![endif]--><br \/>\n<video class=\"wp-video-shortcode\" id=\"video-5959-1\" width=\"480\" height=\"768\" preload=\"metadata\" controls=\"controls\"><source type=\"video\/mp4\" src=\"https:\/\/queensibiza.com\/wp-content\/uploads\/2026\/04\/Video-Zara-Escort-en-Puerto-de-Ibiza.mp4?_=1\" \/><a href=\"https:\/\/queensibiza.com\/wp-content\/uploads\/2026\/04\/Video-Zara-Escort-en-Puerto-de-Ibiza.mp4\">https:\/\/queensibiza.com\/wp-content\/uploads\/2026\/04\/Video-Zara-Escort-en-Puerto-de-Ibiza.mp4<\/a><\/video><\/div>","protected":false},"featured_media":5987,"comment_status":"open","ping_status":"closed","template":"","meta":{"_acf_changed":false,"site-sidebar-layout":"default","site-content-layout":"","ast-site-content-layout":"default","site-content-style":"default","site-sidebar-style":"default","ast-global-header-display":"","ast-banner-title-visibility":"","ast-main-header-display":"","ast-hfb-above-header-display":"","ast-hfb-below-header-display":"","ast-hfb-mobile-header-display":"","site-post-title":"","ast-breadcrumbs-content":"","ast-featured-img":"","footer-sml-layout":"","theme-transparent-header-meta":"default","adv-header-id-meta":"","stick-header-meta":"","header-above-stick-meta":"","header-main-stick-meta":"","header-below-stick-meta":"","astra-migrate-meta-layouts":"set","ast-page-background-enabled":"default","ast-page-background-meta":{"desktop":{"background-color":"var(--ast-global-color-4)","background-image":"","background-repeat":"repeat","background-position":"center center","background-size":"auto","background-attachment":"scroll","background-type":"","background-media":"","overlay-type":"","overlay-color":"","overlay-opacity":"","overlay-gradient":""},"tablet":{"background-color":"","background-image":"","background-repeat":"repeat","background-position":"center center","background-size":"auto","background-attachment":"scroll","background-type":"","background-media":"","overlay-type":"","overlay-color":"","overlay-opacity":"","overlay-gradient":""},"mobile":{"background-color":"","background-image":"","background-repeat":"repeat","background-position":"center center","background-size":"auto","background-attachment":"scroll","background-type":"","background-media":"","overlay-type":"","overlay-color":"","overlay-opacity":"","overlay-gradient":""}},"ast-content-background-meta":{"desktop":{"background-color":"var(--ast-global-color-5)","background-image":"","background-repeat":"repeat","background-position":"center center","background-size":"auto","background-attachment":"scroll","background-type":"","background-media":"","overlay-type":"","overlay-color":"","overlay-opacity":"","overlay-gradient":""},"tablet":{"background-color":"var(--ast-global-color-5)","background-image":"","background-repeat":"repeat","background-position":"center center","background-size":"auto","background-attachment":"scroll","background-type":"","background-media":"","overlay-type":"","overlay-color":"","overlay-opacity":"","overlay-gradient":""},"mobile":{"background-color":"var(--ast-global-color-5)","background-image":"","background-repeat":"repeat","background-position":"center center","background-size":"auto","background-attachment":"scroll","background-type":"","background-media":"","overlay-type":"","overlay-color":"","overlay-opacity":"","overlay-gradient":""}},"_joinchat":[]},"chicas":[],"servicio":[],"product_cat":[20],"product_tag":[],"class_list":{"0":"post-5959","1":"product","2":"type-product","3":"status-publish","4":"has-post-thumbnail","6":"product_cat-disponible","7":"desktop-align-left","8":"tablet-align-left","9":"mobile-align-left","11":"first","12":"instock","13":"shipping-taxable","14":"product-type-simple"},"acf":[],"gallery_images":[5987,5986,5988,5989,5990],"_links":{"self":[{"href":"https:\/\/queensibiza.com\/it\/wp-json\/wp\/v2\/product\/5959","targetHints":{"allow":["GET"]}}],"collection":[{"href":"https:\/\/queensibiza.com\/it\/wp-json\/wp\/v2\/product"}],"about":[{"href":"https:\/\/queensibiza.com\/it\/wp-json\/wp\/v2\/types\/product"}],"replies":[{"embeddable":true,"href":"https:\/\/queensibiza.com\/it\/wp-json\/wp\/v2\/comments?post=5959"}],"version-history":[{"count":3,"href":"https:\/\/queensibiza.com\/it\/wp-json\/wp\/v2\/product\/5959\/revisions"}],"predecessor-version":[{"id":5991,"href":"https:\/\/queensibiza.com\/it\/wp-json\/wp\/v2\/product\/5959\/revisions\/5991"}],"wp:featuredmedia":[{"embeddable":true,"href":"https:\/\/queensibiza.com\/it\/wp-json\/wp\/v2\/media\/5987"}],"wp:attachment":[{"href":"https:\/\/queensibiza.com\/it\/wp-json\/wp\/v2\/media?parent=5959"}],"wp:term":[{"taxonomy":"chicas","embeddable":true,"href":"https:\/\/queensibiza.com\/it\/wp-json\/wp\/v2\/chicas?post=5959"},{"taxonomy":"servicio","embeddable":true,"href":"https:\/\/queensibiza.com\/it\/wp-json\/wp\/v2\/servicio?post=5959"},{"taxonomy":"product_cat","embeddable":true,"href":"https:\/\/queensibiza.com\/it\/wp-json\/wp\/v2\/product_cat?post=5959"},{"taxonomy":"product_tag","embeddable":true,"href":"https:\/\/queensibiza.com\/it\/wp-json\/wp\/v2\/product_tag?post=5959"}],"curies":[{"name":"wp","href":"https:\/\/api.w.org\/{rel}","templated":true}]}}